
{"id":2027,"date":"2023-06-09T18:55:19","date_gmt":"2023-06-09T18:55:19","guid":{"rendered":"https:\/\/bonitatour.com\/?page_id=2027"},"modified":"2024-09-15T13:04:30","modified_gmt":"2024-09-15T13:04:30","slug":"destinos","status":"publish","type":"page","link":"https:\/\/bonitatour.com\/es\/destinos\/","title":{"rendered":"Destinos"},"content":{"rendered":"[vc_row][vc_column][vc_column_text css_animation=\u00bbfadeInUp\u00bb]<strong>Tour Privados<\/strong> y <strong>Tours en Grupo Compartidos<\/strong> en los <strong>destinos<\/strong> y pa\u00edses mencionados ser\u00e1n las mejores opciones para que te unas. Definitivamente podr\u00e1s disfrutar del alma de cada pa\u00eds al unirte a nuestros tours con expertos locales y <strong>gu\u00edas tur\u00edsticos<\/strong>. Los <strong>destinos<\/strong> m\u00e1s populares y los puntos destacados de cada ciudad se encargar\u00e1n para que <strong>planifiques tu viaje<\/strong>. Itinerarios de tour personalizados, itinerarios seleccionados y <strong>mejores gu\u00edas de ciudad<\/strong> estar\u00e1n a tu servicio durante este viaje. Hemos mencionado los principales <strong>destinos<\/strong> de cada pa\u00eds, puedes revisarlos. Sin embargo, no dudes en contactarnos para <strong>planificar tu viaje<\/strong> en <strong>destinos<\/strong> menos conocidos pero importantes en la ruta de viaje.[\/vc_column_text][vc_empty_space]<div class=\"vcex-module vcex-terms-grid wpex-row wpex-clr\" id=\"destination-items\"><div class=\"vcex-terms-grid-entry wpex-last-mb-0 wpex-clr span_1_of_3 span_1_of_2_pl span_1_of_1_pp col  wpb_animate_when_almost_visible wpb_fadeInUp fadeInUp term-20 term-medio-oriente col-1\" ><div class=\"vc_custom_1717509022053\"><div class=\"vcex-terms-grid-entry-image wpex-clr vcex-has-overlay overlay-parent\"><img decoding=\"async\" loading=\"lazy\" class=\"wpex-align-middle wpex-w-100\" alt=\"MEDIO ORIENTE\" src=\"https:\/\/bonitatour.com\/es\/wp-content\/uploads\/sites\/3\/2024\/10\/cairo-prymaids-scaled-430x300.jpg\" width=\"430\" height=\"300\"><div class=\"vcex-terms-grid-entry-overlay wpex-absolute wpex-inset-0 wpex-text-white\"><span class=\"vcex-terms-grid-entry-overlay-bg wpex-block wpex-absolute wpex-inset-0 wpex-bg-black wpex-opacity-40\" style=\"background-color:#0a0a0a;\"><\/span><div class=\"vcex-terms-grid-entry-overlay-content wpex-relative wpex-flex wpex-items-center wpex-p-20 wpex-h-100 wpex-w-100\"><h2 class=\"vcex-terms-grid-entry-title entry-title wpex-flex-grow wpex-text-xl wpex-text-center wpex-inherit-color-important\" style=\"text-align:center;\">MEDIO ORIENTE<\/h2><\/div><\/div><\/div><\/div><\/div><div class=\"vcex-terms-grid-entry wpex-last-mb-0 wpex-clr span_1_of_3 span_1_of_2_pl span_1_of_1_pp col  wpb_animate_when_almost_visible wpb_fadeInUp fadeInUp term-17 term-turquia col-2\" ><div class=\"vc_custom_1717509022053\"><div class=\"vcex-terms-grid-entry-image wpex-clr vcex-has-overlay overlay-parent\"><img decoding=\"async\" loading=\"lazy\" class=\"wpex-align-middle wpex-w-100\" alt=\"TURQUIA\" src=\"https:\/\/bonitatour.com\/es\/wp-content\/uploads\/sites\/3\/2023\/10\/voyagerr-430x300.jpg\" width=\"430\" height=\"300\"><div class=\"vcex-terms-grid-entry-overlay wpex-absolute wpex-inset-0 wpex-text-white\"><span class=\"vcex-terms-grid-entry-overlay-bg wpex-block wpex-absolute wpex-inset-0 wpex-bg-black wpex-opacity-40\" style=\"background-color:#0a0a0a;\"><\/span><div class=\"vcex-terms-grid-entry-overlay-content wpex-relative wpex-flex wpex-items-center wpex-p-20 wpex-h-100 wpex-w-100\"><h2 class=\"vcex-terms-grid-entry-title entry-title wpex-flex-grow wpex-text-xl wpex-text-center wpex-inherit-color-important\" style=\"text-align:center;\">TURQUIA<\/h2><\/div><\/div><\/div><\/div><\/div><\/div>[\/vc_column][\/vc_row]\n","protected":false},"excerpt":{"rendered":"<p>[vc_row][vc_column][vc_column_text css_animation=\u00bbfadeInUp\u00bb]Tour Privados y Tours en Grupo Compartidos en los destinos y pa\u00edses mencionados ser\u00e1n las mejores opciones para que te unas. Definitivamente podr\u00e1s disfrutar del alma de cada pa\u00eds al unirte a nuestros tours con expertos locales y gu\u00edas tur\u00edsticos. Los destinos m\u00e1s populares y los puntos destacados de cada ciudad se encargar\u00e1n para&hellip;<\/p>\n","protected":false},"author":1,"featured_media":0,"parent":0,"menu_order":0,"comment_status":"closed","ping_status":"closed","template":"templates\/no-sidebar.php","meta":{"_acf_changed":false,"footnotes":""},"class_list":["post-2027","page","type-page","status-publish","hentry","entry","no-media"],"acf":[],"_links":{"self":[{"href":"https:\/\/bonitatour.com\/es\/wp-json\/wp\/v2\/pages\/2027"}],"collection":[{"href":"https:\/\/bonitatour.com\/es\/wp-json\/wp\/v2\/pages"}],"about":[{"href":"https:\/\/bonitatour.com\/es\/wp-json\/wp\/v2\/types\/page"}],"author":[{"embeddable":true,"href":"https:\/\/bonitatour.com\/es\/wp-json\/wp\/v2\/users\/1"}],"replies":[{"embeddable":true,"href":"https:\/\/bonitatour.com\/es\/wp-json\/wp\/v2\/comments?post=2027"}],"version-history":[{"count":0,"href":"https:\/\/bonitatour.com\/es\/wp-json\/wp\/v2\/pages\/2027\/revisions"}],"wp:attachment":[{"href":"https:\/\/bonitatour.com\/es\/wp-json\/wp\/v2\/media?parent=2027"}],"curies":[{"name":"wp","href":"https:\/\/api.w.org\/{rel}","templated":true}]}}