
{"id":2029,"date":"2023-06-09T18:55:43","date_gmt":"2023-06-09T18:55:43","guid":{"rendered":"https:\/\/bonitatour.com\/?page_id=2029"},"modified":"2024-09-15T12:23:02","modified_gmt":"2024-09-15T12:23:02","slug":"blog","status":"publish","type":"page","link":"https:\/\/bonitatour.com\/es\/blog\/","title":{"rendered":"Blog"},"content":{"rendered":"[vc_row][vc_column][vc_text_separator title=\u00bbArt\u00edculos del Blog de Viajes\u00bb title_align=\u00bbseparator_align_left\u00bb css_animation=\u00bbfadeInUp\u00bb css=\u00bb.vc_custom_1726402977700{margin-bottom: 15px !important;}\u00bb][vc_column_text css_animation=\u00bbfadeInUp\u00bb]La secci\u00f3n de <strong>Art\u00edculos del Blog de Viajes<\/strong> de nuestro sitio web est\u00e1 aqu\u00ed para ayudarte a planificar tu <strong>viaje<\/strong>. Te ofrecemos ideas para que consideres mientras planificas tu <strong>visita<\/strong> al pa\u00eds mencionado. Ser\u00e1 muy \u00fatil que las consultes y recibas sugerencias de un experto local en viajes antes de tus <strong>vacaciones<\/strong>. Un <strong>art\u00edculo de blog<\/strong> profesionalmente dise\u00f1ado puede ser la mejor manera de crear tu <strong>plan de viaje<\/strong>. Leer comentarios y recomendaciones sobre cada ciudad y destino antes de tu llegada puede ser \u00fatil para organizar tu <strong>tour<\/strong>. Consulta las cosas m\u00e1s importantes que necesitas saber antes de visitar una ciudad en nuestra p\u00e1gina de destinos. La ayuda de profesionales har\u00e1 que tus <strong>vacaciones<\/strong> sean inolvidables.[\/vc_column_text][vc_empty_space][\/vc_column][\/vc_row]\n","protected":false},"excerpt":{"rendered":"<p>[vc_row][vc_column][vc_text_separator title=\u00bbArt\u00edculos del Blog de Viajes\u00bb title_align=\u00bbseparator_align_left\u00bb css_animation=\u00bbfadeInUp\u00bb css=\u00bb.vc_custom_1726402977700{margin-bottom: 15px !important;}\u00bb][vc_column_text css_animation=\u00bbfadeInUp\u00bb]La secci\u00f3n de Art\u00edculos del Blog de Viajes de nuestro sitio web est\u00e1 aqu\u00ed para ayudarte a planificar tu viaje. Te ofrecemos ideas para que consideres mientras planificas tu visita al pa\u00eds mencionado. Ser\u00e1 muy \u00fatil que las consultes y recibas sugerencias de un&hellip;<\/p>\n","protected":false},"author":1,"featured_media":0,"parent":0,"menu_order":0,"comment_status":"closed","ping_status":"closed","template":"templates\/no-sidebar.php","meta":{"_acf_changed":false,"footnotes":""},"class_list":["post-2029","page","type-page","status-publish","hentry","entry","no-media"],"acf":[],"_links":{"self":[{"href":"https:\/\/bonitatour.com\/es\/wp-json\/wp\/v2\/pages\/2029"}],"collection":[{"href":"https:\/\/bonitatour.com\/es\/wp-json\/wp\/v2\/pages"}],"about":[{"href":"https:\/\/bonitatour.com\/es\/wp-json\/wp\/v2\/types\/page"}],"author":[{"embeddable":true,"href":"https:\/\/bonitatour.com\/es\/wp-json\/wp\/v2\/users\/1"}],"replies":[{"embeddable":true,"href":"https:\/\/bonitatour.com\/es\/wp-json\/wp\/v2\/comments?post=2029"}],"version-history":[{"count":0,"href":"https:\/\/bonitatour.com\/es\/wp-json\/wp\/v2\/pages\/2029\/revisions"}],"wp:attachment":[{"href":"https:\/\/bonitatour.com\/es\/wp-json\/wp\/v2\/media?parent=2029"}],"curies":[{"name":"wp","href":"https:\/\/api.w.org\/{rel}","templated":true}]}}