
{"id":2111,"date":"2023-07-02T12:24:23","date_gmt":"2023-07-02T12:24:23","guid":{"rendered":"https:\/\/bonitatour.com\/?page_id=2111"},"modified":"2024-09-15T13:35:26","modified_gmt":"2024-09-15T13:35:26","slug":"tours","status":"publish","type":"page","link":"https:\/\/bonitatour.com\/es\/tours\/","title":{"rendered":"Tours"},"content":{"rendered":"[vc_row remove_bottom_col_margin=\u00bbtrue\u00bb][vc_column][vc_column_text css_animation=\u00bbfadeInUp\u00bb]Un viaje a tu destino so\u00f1ado ser\u00e1 genial con <strong>tours<\/strong> y <strong>gu\u00edas<\/strong> que son expertos. Para disfrutar de tus <strong>vacaciones<\/strong>, puedes contactarnos para planificar tu <strong>viaje<\/strong> con la experiencia de nuestros agentes. Cada destino y pa\u00eds tienen diferentes experiencias que ofrecerte y nuestros expertos estar\u00e1n encantados de ayudarte. <strong>Tours<\/strong> en m\u00faltiples pa\u00edses y tours combinados son alternativas que podemos ofrecerte, por favor revisa las <strong>opciones de viaje<\/strong> a continuaci\u00f3n. Adem\u00e1s de las opciones que ves abajo, puedes contactar a nuestro equipo de <strong>expertos en viajes<\/strong>. Estaremos m\u00e1s que felices de hacer tu itinerario de <strong>tour<\/strong> de acuerdo a tus intereses. Los itinerarios personalizados pueden ser la mejor versi\u00f3n de <strong>paquetes tur\u00edsticos privados<\/strong> para tu <strong>viaje familiar<\/strong>.[\/vc_column_text][vc_empty_space]<div class=\"vcex-module vcex-terms-grid wpex-row wpex-clr\"><div class=\"vcex-terms-grid-entry wpex-last-mb-0 wpex-clr span_1_of_3 col  wpb_animate_when_almost_visible wpb_fadeInUp fadeInUp term-19 term-medio-oriente col-1\" ><div class=\"vcex-terms-grid-entry-image wpex-clr vcex-has-overlay overlay-parent\"><a href=\"https:\/\/bonitatour.com\/es\/tour-category\/medio-oriente\/\" title=\"Medio Oriente\"><img decoding=\"async\" loading=\"lazy\" class=\"wpex-align-middle wpex-w-100\" alt=\"Medio Oriente\" src=\"https:\/\/bonitatour.com\/es\/wp-content\/uploads\/sites\/3\/2024\/10\/cairo-prymaids-scaled-328x217.jpg\" width=\"328\" height=\"217\"><div class=\"vcex-terms-grid-entry-overlay wpex-absolute wpex-inset-0 wpex-text-white\"><span class=\"vcex-terms-grid-entry-overlay-bg wpex-block wpex-absolute wpex-inset-0 wpex-bg-black wpex-opacity-40\"><\/span><div class=\"vcex-terms-grid-entry-overlay-content wpex-relative wpex-flex wpex-items-center wpex-p-20 wpex-h-100 wpex-w-100\"><h2 class=\"vcex-terms-grid-entry-title entry-title wpex-flex-grow wpex-text-xl wpex-text-center wpex-inherit-color-important\">Medio Oriente<\/h2><\/div><\/div><\/a><\/div><\/div><div class=\"vcex-terms-grid-entry wpex-last-mb-0 wpex-clr span_1_of_3 col  wpb_animate_when_almost_visible wpb_fadeInUp fadeInUp term-18 term-italia col-2\" ><div class=\"vcex-terms-grid-entry-image wpex-clr vcex-has-overlay overlay-parent\"><a href=\"https:\/\/bonitatour.com\/es\/tour-category\/italia\/\" title=\"Italia\"><img decoding=\"async\" loading=\"lazy\" class=\"wpex-align-middle wpex-w-100\" alt=\"Italia\" src=\"https:\/\/bonitatour.com\/es\/wp-content\/uploads\/sites\/3\/2023\/11\/gondols-italia--328x217.jpg\" srcset=\"https:\/\/bonitatour.com\/es\/wp-content\/uploads\/sites\/3\/2023\/11\/gondols-italia--328x217.jpg 328w, https:\/\/bonitatour.com\/es\/wp-content\/uploads\/sites\/3\/2023\/11\/gondols-italia--300x197.jpg 300w\" width=\"328\" height=\"217\"><div class=\"vcex-terms-grid-entry-overlay wpex-absolute wpex-inset-0 wpex-text-white\"><span class=\"vcex-terms-grid-entry-overlay-bg wpex-block wpex-absolute wpex-inset-0 wpex-bg-black wpex-opacity-40\"><\/span><div class=\"vcex-terms-grid-entry-overlay-content wpex-relative wpex-flex wpex-items-center wpex-p-20 wpex-h-100 wpex-w-100\"><h2 class=\"vcex-terms-grid-entry-title entry-title wpex-flex-grow wpex-text-xl wpex-text-center wpex-inherit-color-important\">Italia<\/h2><\/div><\/div><\/a><\/div><\/div><div class=\"vcex-terms-grid-entry wpex-last-mb-0 wpex-clr span_1_of_3 col  wpb_animate_when_almost_visible wpb_fadeInUp fadeInUp term-16 term-grecia-tour col-3\" ><div class=\"vcex-terms-grid-entry-image wpex-clr vcex-has-overlay overlay-parent\"><a href=\"https:\/\/bonitatour.com\/es\/tour-category\/grecia-tour\/\" title=\"Grecia Tour\"><img decoding=\"async\" loading=\"lazy\" class=\"wpex-align-middle wpex-w-100\" alt=\"Grecia Tour\" src=\"https:\/\/bonitatour.com\/es\/wp-content\/uploads\/sites\/3\/2023\/11\/celestyal-experience-328x217.png\" width=\"328\" height=\"217\"><div class=\"vcex-terms-grid-entry-overlay wpex-absolute wpex-inset-0 wpex-text-white\"><span class=\"vcex-terms-grid-entry-overlay-bg wpex-block wpex-absolute wpex-inset-0 wpex-bg-black wpex-opacity-40\"><\/span><div class=\"vcex-terms-grid-entry-overlay-content wpex-relative wpex-flex wpex-items-center wpex-p-20 wpex-h-100 wpex-w-100\"><h2 class=\"vcex-terms-grid-entry-title entry-title wpex-flex-grow wpex-text-xl wpex-text-center wpex-inherit-color-important\">Grecia Tour<\/h2><\/div><\/div><\/a><\/div><\/div><div class=\"vcex-terms-grid-entry wpex-last-mb-0 wpex-clr span_1_of_3 col  wpb_animate_when_almost_visible wpb_fadeInUp fadeInUp term-15 term-privado-turquia-tours col-1\" ><div class=\"vcex-terms-grid-entry-image wpex-clr vcex-has-overlay overlay-parent\"><a href=\"https:\/\/bonitatour.com\/es\/tour-category\/privado-turquia-tours\/\" title=\"Privado Turquia Tours\"><img decoding=\"async\" loading=\"lazy\" class=\"wpex-align-middle wpex-w-100\" alt=\"Privado Turquia Tours\" src=\"https:\/\/bonitatour.com\/es\/wp-content\/uploads\/sites\/3\/2023\/11\/ballons-cappadocia-328x217.jpg\" srcset=\"https:\/\/bonitatour.com\/es\/wp-content\/uploads\/sites\/3\/2023\/11\/ballons-cappadocia-328x217.jpg 328w, https:\/\/bonitatour.com\/es\/wp-content\/uploads\/sites\/3\/2023\/11\/ballons-cappadocia-1024x682.jpg 1024w, https:\/\/bonitatour.com\/es\/wp-content\/uploads\/sites\/3\/2023\/11\/ballons-cappadocia-768x511.jpg 768w, https:\/\/bonitatour.com\/es\/wp-content\/uploads\/sites\/3\/2023\/11\/ballons-cappadocia.jpg 1500w\" width=\"328\" height=\"217\"><div class=\"vcex-terms-grid-entry-overlay wpex-absolute wpex-inset-0 wpex-text-white\"><span class=\"vcex-terms-grid-entry-overlay-bg wpex-block wpex-absolute wpex-inset-0 wpex-bg-black wpex-opacity-40\"><\/span><div class=\"vcex-terms-grid-entry-overlay-content wpex-relative wpex-flex wpex-items-center wpex-p-20 wpex-h-100 wpex-w-100\"><h2 class=\"vcex-terms-grid-entry-title entry-title wpex-flex-grow wpex-text-xl wpex-text-center wpex-inherit-color-important\">Privado Turquia Tours<\/h2><\/div><\/div><\/a><\/div><\/div><div class=\"vcex-terms-grid-entry wpex-last-mb-0 wpex-clr span_1_of_3 col  wpb_animate_when_almost_visible wpb_fadeInUp fadeInUp term-14 term-turquia-tours col-2\" ><div class=\"vcex-terms-grid-entry-image wpex-clr vcex-has-overlay overlay-parent\"><a href=\"https:\/\/bonitatour.com\/es\/tour-category\/turquia-tours\/\" title=\"Turquia Tours\"><img decoding=\"async\" loading=\"lazy\" class=\"wpex-align-middle wpex-w-100\" alt=\"Turquia Tours\" src=\"https:\/\/bonitatour.com\/es\/wp-content\/uploads\/sites\/3\/2023\/10\/istiklal-street-328x217.jpg\" width=\"328\" height=\"217\"><div class=\"vcex-terms-grid-entry-overlay wpex-absolute wpex-inset-0 wpex-text-white\"><span class=\"vcex-terms-grid-entry-overlay-bg wpex-block wpex-absolute wpex-inset-0 wpex-bg-black wpex-opacity-40\"><\/span><div class=\"vcex-terms-grid-entry-overlay-content wpex-relative wpex-flex wpex-items-center wpex-p-20 wpex-h-100 wpex-w-100\"><h2 class=\"vcex-terms-grid-entry-title entry-title wpex-flex-grow wpex-text-xl wpex-text-center wpex-inherit-color-important\">Turquia Tours<\/h2><\/div><\/div><\/a><\/div><\/div><\/div>[vc_empty_space][\/vc_column][\/vc_row]\n","protected":false},"excerpt":{"rendered":"<p>[vc_row remove_bottom_col_margin=\u00bbtrue\u00bb][vc_column][vc_column_text css_animation=\u00bbfadeInUp\u00bb]Un viaje a tu destino so\u00f1ado ser\u00e1 genial con tours y gu\u00edas que son expertos. Para disfrutar de tus vacaciones, puedes contactarnos para planificar tu viaje con la experiencia de nuestros agentes. Cada destino y pa\u00eds tienen diferentes experiencias que ofrecerte y nuestros expertos estar\u00e1n encantados de ayudarte. Tours en m\u00faltiples pa\u00edses y&hellip;<\/p>\n","protected":false},"author":1,"featured_media":0,"parent":0,"menu_order":0,"comment_status":"closed","ping_status":"closed","template":"templates\/no-sidebar.php","meta":{"_acf_changed":false,"footnotes":""},"class_list":["post-2111","page","type-page","status-publish","hentry","entry","no-media"],"acf":[],"_links":{"self":[{"href":"https:\/\/bonitatour.com\/es\/wp-json\/wp\/v2\/pages\/2111"}],"collection":[{"href":"https:\/\/bonitatour.com\/es\/wp-json\/wp\/v2\/pages"}],"about":[{"href":"https:\/\/bonitatour.com\/es\/wp-json\/wp\/v2\/types\/page"}],"author":[{"embeddable":true,"href":"https:\/\/bonitatour.com\/es\/wp-json\/wp\/v2\/users\/1"}],"replies":[{"embeddable":true,"href":"https:\/\/bonitatour.com\/es\/wp-json\/wp\/v2\/comments?post=2111"}],"version-history":[{"count":0,"href":"https:\/\/bonitatour.com\/es\/wp-json\/wp\/v2\/pages\/2111\/revisions"}],"wp:attachment":[{"href":"https:\/\/bonitatour.com\/es\/wp-json\/wp\/v2\/media?parent=2111"}],"curies":[{"name":"wp","href":"https:\/\/api.w.org\/{rel}","templated":true}]}}