
{"id":2119,"date":"2023-07-02T13:03:52","date_gmt":"2023-07-02T13:03:52","guid":{"rendered":"https:\/\/bonitatour.com\/?page_id=2119"},"modified":"2024-09-15T13:27:18","modified_gmt":"2024-09-15T13:27:18","slug":"terminos-y-condiciones","status":"publish","type":"page","link":"https:\/\/bonitatour.com\/es\/terminos-y-condiciones\/","title":{"rendered":"T\u00e9rminos y Condiciones"},"content":{"rendered":"[vc_row][vc_column]<div class=\"vcex-page-title vcex-module\"><h1 class=\"vcex-page-title__heading wpex-heading wpex-text-3xl\"><span class=\"vcex-page-title__text\">T\u00e9rminos y Condiciones<\/span><\/h1><\/div>[vc_empty_space][vc_column_text]<strong>RESERVAS Y PAGOS<\/strong><\/p>\n<p>Cualquier dep\u00f3sito\/pago recibido por <strong>BONITA TOUR<\/strong> para un paquete de viaje o servicio confirmado constituye pleno conocimiento y aceptaci\u00f3n de todos los t\u00e9rminos y condiciones. Cada persona que haga reservas para o participe en los servicios descritos en este sitio web entiende y acepta todos los t\u00e9rminos, condiciones y limitaciones establecidos aqu\u00ed.<\/p>\n<p><strong>TOURS EN TURQU\u00cdA<\/strong> Los servicios descritos en este sitio web son comprendidos y aceptados por cada persona que realiza reservas para o participa en ellos.<\/p>\n<p><strong>VISADOS Y DOCUMENTACI\u00d3N:<\/strong> Cada viajero debe tener un pasaporte v\u00e1lido con al menos 6 meses de validez restante. El viajero es responsable de obtener informaci\u00f3n sobre los requisitos de entrada y visados para los pa\u00edses a los que viaja.<\/p>\n<p><strong>SEGURO DE VIAJE PERSONAL:<\/strong> <strong>BONITA TOUR<\/strong> no proporciona ning\u00fan seguro para los pasajeros en caso de p\u00e9rdida durante el viaje aqu\u00ed mencionado. Se aconseja a los pasajeros obtener su propio seguro de viaje para la salud durante el viaje y\/o p\u00e9rdida de equipaje. Tambi\u00e9n se recomienda tener un seguro para proporcionar cobertura si los reembolsos conforme a la cl\u00e1usula de pago final y cancelaci\u00f3n abajo mencionada no est\u00e1n disponibles debido a los t\u00e9rminos de esa cl\u00e1usula.<\/p>\n<p><strong>No INCLUIDO EN LAS TARIFAS:<\/strong> A continuaci\u00f3n, se presenta una lista de algunos de los principales art\u00edculos no incluidos en las tarifas: cargos por servicio de habitaciones, art\u00edculos no incluidos en las porciones de men\u00fas reservados para <strong>BONITA TOUR<\/strong>, lavander\u00eda, bebidas, alcoh\u00f3licas y no alcoh\u00f3licas, art\u00edculos de naturaleza personal, impuestos de salida del aeropuerto y cualquier otro art\u00edculo no listado espec\u00edficamente en la secci\u00f3n de tarifas del paquete.<\/p>\n<p><strong>PLAN DE PAGOS:<\/strong> Se requiere un dep\u00f3sito de reserva del 40% al confirmar para mantener todos los servicios reservados y confirmados. El saldo final del 60% hacia el paquete\/servicios reservados debe pagarse (15) d\u00edas antes de la llegada, independientemente de cu\u00e1ndo se hagan las reservas. Se aceptan tarjetas de cr\u00e9dito, VISA y MASTERCARD.<\/p>\n<p><strong>CANCELACI\u00d3N:<\/strong> Las reservas solo pueden cancelarse mediante aviso escrito enviado por correo electr\u00f3nico o correo certificado a <strong>BONITA TOUR<\/strong>. Si dicho aviso escrito se recibe antes de la fecha de llegada \/ fecha de inicio del viaje, <strong>BONITA TOUR<\/strong> aceptar\u00e1 dicha cancelaci\u00f3n y reembolsar\u00e1 los costos de la parte terrestre que recupere de las entidades pagadas en nombre de los viajeros solo en la medida \/ cantidad en que dichos fondos sean reembolsados por esas entidades a <strong>BONITA TOUR<\/strong>. Las cancelaciones incurrir\u00e1n en una tarifa administrativa fija de 25 USD.<\/p>\n<p>1- Pol\u00edtica General de Cancelaci\u00f3n para Servicios Terrestres (utilice esto solo como gu\u00eda, ya que las reglas de cancelaci\u00f3n pueden variar seg\u00fan el hotel\/servicio\/temporada)<\/p>\n<p><strong>VIAJES A TURQU\u00cdA:<\/strong> En cualquier caso, 25% no reembolsable, 30 a 15 d\u00edas antes de la llegada, pueden aplicarse tarifas de cancelaci\u00f3n del 75% &#8211; 15 d\u00edas o menos antes de la llegada, pueden aplicarse tarifas de cancelaci\u00f3n del 100%.<\/p>\n<p>2- Pol\u00edtica General de Cancelaci\u00f3n para <strong>CRUCEROS EN TURQU\u00cdA:<\/strong><\/p>\n<p>60-31 d\u00edas antes de la salida: 25% de tarifas de cancelaci\u00f3n<\/p>\n<p>30-16 d\u00edas antes de la salida: 50% de tarifas de cancelaci\u00f3n<\/p>\n<p>15 d\u00edas antes de la salida o no presentaci\u00f3n: 100% de tarifas de cancelaci\u00f3n<\/p>\n<p><strong>RESPONSABILIDADES Y RESPONSABILIDAD:<\/strong> La responsabilidad de <strong>BONITA TOUR<\/strong> y\/o sus agentes es limitada. <strong>BONITA TOUR<\/strong> y sus agentes act\u00faan solo como agentes para el pasajero en cuanto al viaje, ya sea por aire, ferrocarril, autocar o cualquier otro medio de transporte y no asume ning\u00fan defecto, a trav\u00e9s de los actos o fallos de cualquier empresa o persona involucrada en el transporte de miembros o en la realizaci\u00f3n de los arreglos del tour, o como resultado directo o indirecto de actos de Dios, peligros incidentales en el mar, o aire, incendio, fallo en maquinaria o equipo, actos de gobiernos u otras autoridades, guerras de jure o de facto, ya sean declaradas o no, hostilidades, disturbios civiles, huelgas, disturbios, robo, saqueo, epidemias, cuarentenas, regulaciones m\u00e9dicas o aduaneras o por cualquier otra causa.<\/p>\n<p><strong>BONITA TOUR<\/strong> no puede aceptar ninguna responsabilidad por p\u00e9rdidas o gastos adicionales a los viajeros debido a retrasos o cambios en el horario. Los servicios del tour incluidos pero no limitados a servicios de gu\u00edas, alojamiento en hoteles, comidas y otros servicios son proporcionados por terceros que son independientes y no act\u00faan en nombre de <strong>BONITA TOUR<\/strong> y con los que <strong>BONITA TOUR<\/strong> no tiene relaci\u00f3n como empresa conjunta ni de ninguna otra manera. Por lo tanto, <strong>BONITA TOUR<\/strong> no ser\u00e1 responsable de ninguna manera por inconvenientes, p\u00e9rdidas, da\u00f1os o lesiones que surjan de o en conexi\u00f3n con tales servicios tur\u00edsticos, ya sea que resulten de cambios en el alojamiento en hoteles, comida, manejo de equipaje, gu\u00edas tur\u00edsticos u otros asuntos relacionados. Todas esas p\u00e9rdidas o gastos deber\u00e1n ser asumidos por el viajero. Cada pasajero renuncia a cualquier reclamaci\u00f3n contra <strong>BONITA TOUR<\/strong> por cualquier retraso, inconveniente o da\u00f1o, p\u00e9rdida de propiedad o equipaje o lesi\u00f3n o muerte de personas debido a los actos u omisiones de dichos terceros. Cualquier aerol\u00ednea\/compa\u00f1\u00eda de transporte en cuesti\u00f3n no ser\u00e1 considerada responsable por ning\u00fan acto, omisi\u00f3n o evento durante el tiempo en que los pasajeros no est\u00e9n a bordo de su aeronave o medio de transporte.<\/p>\n<p><strong>BONITA TOUR<\/strong> se reserva adem\u00e1s el derecho en cualquier momento de cambiar cualquier parte del itinerario, o el transportista, o la aeronave\/modo de transporte utilizado, o el alojamiento en hoteles utilizado, o cualquier otro servicio debido a circunstancias fuera de nuestro control.<\/p>\n<p>Que tengas un buen <strong>viaje a Turqu\u00eda, Grecia, Italia, Israel, Egipto, los Balcanes o los pa\u00edses de Oriente Medio<\/strong>.[\/vc_column_text][\/vc_column][\/vc_row]\n","protected":false},"excerpt":{"rendered":"<p>[vc_row][vc_column][vc_empty_space][vc_column_text]RESERVAS Y PAGOS Cualquier dep\u00f3sito\/pago recibido por BONITA TOUR para un paquete de viaje o servicio confirmado constituye pleno conocimiento y aceptaci\u00f3n de todos los t\u00e9rminos y condiciones. Cada persona que haga reservas para o participe en los servicios descritos en este sitio web entiende y acepta todos los t\u00e9rminos, condiciones y limitaciones establecidos aqu\u00ed.&hellip;<\/p>\n","protected":false},"author":1,"featured_media":0,"parent":0,"menu_order":0,"comment_status":"closed","ping_status":"closed","template":"templates\/no-sidebar.php","meta":{"_acf_changed":false,"footnotes":""},"class_list":["post-2119","page","type-page","status-publish","hentry","entry","no-media"],"acf":[],"_links":{"self":[{"href":"https:\/\/bonitatour.com\/es\/wp-json\/wp\/v2\/pages\/2119"}],"collection":[{"href":"https:\/\/bonitatour.com\/es\/wp-json\/wp\/v2\/pages"}],"about":[{"href":"https:\/\/bonitatour.com\/es\/wp-json\/wp\/v2\/types\/page"}],"author":[{"embeddable":true,"href":"https:\/\/bonitatour.com\/es\/wp-json\/wp\/v2\/users\/1"}],"replies":[{"embeddable":true,"href":"https:\/\/bonitatour.com\/es\/wp-json\/wp\/v2\/comments?post=2119"}],"version-history":[{"count":0,"href":"https:\/\/bonitatour.com\/es\/wp-json\/wp\/v2\/pages\/2119\/revisions"}],"wp:attachment":[{"href":"https:\/\/bonitatour.com\/es\/wp-json\/wp\/v2\/media?parent=2119"}],"curies":[{"name":"wp","href":"https:\/\/api.w.org\/{rel}","templated":true}]}}