
{"id":2120,"date":"2023-07-02T13:04:22","date_gmt":"2023-07-02T13:04:22","guid":{"rendered":"https:\/\/bonitatour.com\/?page_id=2120"},"modified":"2024-09-15T13:17:32","modified_gmt":"2024-09-15T13:17:32","slug":"politica-de-privacidad","status":"publish","type":"page","link":"https:\/\/bonitatour.com\/es\/politica-de-privacidad\/","title":{"rendered":"Pol\u00edtica de Privacidad"},"content":{"rendered":"[vc_row][vc_column]<div class=\"vcex-page-title vcex-module\"><h1 class=\"vcex-page-title__heading wpex-heading wpex-text-3xl\"><span class=\"vcex-page-title__text\">Pol\u00edtica de Privacidad<\/span><\/h1><\/div>[vc_empty_space][vc_column_text]La misi\u00f3n de\u00a0Bonita Tour\u00a0es ofrecer la m\u00e1xima calidad en la pol\u00edtica de privacidad que proporcionamos. Por ejemplo, la informaci\u00f3n personal de nuestros clientes nunca se filtra a un tercero, ni por escrito, ni verbalmente. Tu privacidad es nuestra principal preocupaci\u00f3n en Bonita Tour.<\/p>\n<p>Nuestra \u00e9tica de trabajo gira en torno a la confidencialidad de nuestros clientes, por lo que proporcionamos\u00a0<u>\u00fanicamente<\/u>\u00a0tu\u00a0<em>nombre<\/em>\u00a0y\u00a0<em>solicitud de reserva<\/em>\u00a0a nuestro proveedor. Adem\u00e1s, en\u00a0Bonita Tour\u00a0cumplimos con las Leyes de Protecci\u00f3n de Datos Personales de Europa y los procedimientos de seguridad que estas implican. Esta pr\u00e1ctica nos permite proteger a\u00fan m\u00e1s los intereses de los clientes, previniendo el robo de identidad y el hackeo de cuentas.<\/p>\n<p><strong>Garant\u00eda de Tarjeta de Cr\u00e9dito<\/strong><\/p>\n<p>Todos los datos personales relacionados con la informaci\u00f3n de la tarjeta de cr\u00e9dito son transcritos mediante software de encriptaci\u00f3n de alta tecnolog\u00eda, que luego es filtrado a trav\u00e9s de un servidor seguro.\u00a0Nuestro sistema inform\u00e1tico en su totalidad (servidor, redes, etc.) est\u00e1 protegido por potentes cortafuegos para evitar la intrusi\u00f3n de hackers u otras formas de violaci\u00f3n de la seguridad de la informaci\u00f3n. Por supuesto, nuestro objetivo en Bonita Tour es garantizar la seguridad y la tranquilidad con la que un cliente puede utilizar su tarjeta de cr\u00e9dito con nosotros.<\/p>\n<p>No tenemos control sobre los detalles de la tarjeta ni los recursos y no aceptamos ninguna responsabilidad por ellos o por cualquier p\u00e9rdida o da\u00f1o que pueda surgir de su uso.<\/p>\n<p>Los detalles de tu tarjeta de cr\u00e9dito ser\u00e1n conservados por\u00a0Bonita Tour solo hasta la fecha de tu salida y ser\u00e1n completamente destruidos despu\u00e9s. Todos los derechos de autor est\u00e1n reservados por\u00a0Bonita Tour, registrado bajo ( BONITA TOUR \/ BONITA TOUR SEYAHAT HIZMETLERI TIC. LTD. STI. ). Todos los servicios est\u00e1n sujetos a las regulaciones de la ley turca.[\/vc_column_text][\/vc_column][\/vc_row]\n","protected":false},"excerpt":{"rendered":"<p>[vc_row][vc_column][vc_empty_space][vc_column_text]La misi\u00f3n de\u00a0Bonita Tour\u00a0es ofrecer la m\u00e1xima calidad en la pol\u00edtica de privacidad que proporcionamos. Por ejemplo, la informaci\u00f3n personal de nuestros clientes nunca se filtra a un tercero, ni por escrito, ni verbalmente. Tu privacidad es nuestra principal preocupaci\u00f3n en Bonita Tour. Nuestra \u00e9tica de trabajo gira en torno a la confidencialidad de nuestros&hellip;<\/p>\n","protected":false},"author":1,"featured_media":0,"parent":0,"menu_order":0,"comment_status":"closed","ping_status":"closed","template":"templates\/no-sidebar.php","meta":{"_acf_changed":false,"footnotes":""},"class_list":["post-2120","page","type-page","status-publish","hentry","entry","no-media"],"acf":[],"_links":{"self":[{"href":"https:\/\/bonitatour.com\/es\/wp-json\/wp\/v2\/pages\/2120"}],"collection":[{"href":"https:\/\/bonitatour.com\/es\/wp-json\/wp\/v2\/pages"}],"about":[{"href":"https:\/\/bonitatour.com\/es\/wp-json\/wp\/v2\/types\/page"}],"author":[{"embeddable":true,"href":"https:\/\/bonitatour.com\/es\/wp-json\/wp\/v2\/users\/1"}],"replies":[{"embeddable":true,"href":"https:\/\/bonitatour.com\/es\/wp-json\/wp\/v2\/comments?post=2120"}],"version-history":[{"count":0,"href":"https:\/\/bonitatour.com\/es\/wp-json\/wp\/v2\/pages\/2120\/revisions"}],"wp:attachment":[{"href":"https:\/\/bonitatour.com\/es\/wp-json\/wp\/v2\/media?parent=2120"}],"curies":[{"name":"wp","href":"https:\/\/api.w.org\/{rel}","templated":true}]}}