
{"id":2185,"date":"2023-07-20T15:07:27","date_gmt":"2023-07-20T15:07:27","guid":{"rendered":"https:\/\/bonitatour.com\/?page_id=2185"},"modified":"2024-09-15T13:20:21","modified_gmt":"2024-09-15T13:20:21","slug":"sobre-nosotros","status":"publish","type":"page","link":"https:\/\/bonitatour.com\/es\/sobre-nosotros\/","title":{"rendered":"Sobre Nosotros"},"content":{"rendered":"<p>Aprende m\u00e1s <strong>sobre nosotros<\/strong>, <strong>Bonita Tour Travel Agency<\/strong>, tu agencia de viajes confiable.<\/p>\n<p><strong>Bonita Tour<\/strong> &amp; <strong>Bonita Viajes<\/strong> es una agencia de viajes fundada en 2010 en <strong>Turqu\u00eda<\/strong> por un equipo de expertos locales en tours: <em><strong>Sr. FATIH, Sr. MEHMET, Sra. HATICE.<\/strong><\/em> A lo largo de los a\u00f1os, hemos ampliado nuestras operaciones y tours m\u00e1s all\u00e1 de nuestras fronteras. Ahora, en 2023, <strong>Bonita Tour Travel Agency<\/strong> ofrece tours en Turqu\u00eda, Grecia, Italia, Israel, Egipto, Espa\u00f1a, Jordania, Georgia, Armenia, Dub\u00e1i, Maldivas, Croacia y los pa\u00edses balc\u00e1nicos (Serbia, Albania, Bosnia y Herzegovina, Kosovo, Montenegro y Macedonia).<\/p>\n<p>Paquetes tur\u00edsticos en los pa\u00edses mencionados con gu\u00edas locales, todos expertos en su campo, son ofrecidos a nuestros hu\u00e9spedes. Puedes consultar nuestras opciones de tour en el siguiente enlace aqu\u00ed. Puedes revisar las opciones de tour o contactar directamente a nuestro equipo para crear un paquete tur\u00edstico personalizado para tu familia.<\/p>\n<p>Los miembros del equipo de <strong>Bonita Tour Travel Agency<\/strong> hablan ingl\u00e9s, espa\u00f1ol, portugu\u00e9s, italiano y turco. En el proceso de reserva de tu tour, nuestro equipo puede ayudarte profesionalmente en estos idiomas. La mayor\u00eda de nuestros gu\u00edas tur\u00edsticos expertos hablan ingl\u00e9s, espa\u00f1ol, portugu\u00e9s, italiano, franc\u00e9s, alem\u00e1n, ruso, griego y turco.<\/p>\n<p>Los tours por todo el <strong>Mar Mediterr\u00e1neo<\/strong>, el Mar Egeo, las C\u00edcladas, el C\u00e1ucaso, los Balcanes y el <strong>Medio Oriente<\/strong> tambi\u00e9n est\u00e1n disponibles en formato privado. Tours en grupo compartido, <strong>tours privados<\/strong>, tours semiprivados y tours guiados est\u00e1n disponibles dentro de las fronteras de estos pa\u00edses. Tambi\u00e9n podemos combinar algunos de estos pa\u00edses en el mismo paquete.<\/p>\n<h3>Tipos de Tours de Bonita Viajes<\/h3>\n<p>En Bonita Tour, ofrecemos Tours de un Solo Pa\u00eds, Tours Multipa\u00eds y <strong>Tours Diarios por la Ciudad<\/strong> en los pa\u00edses mencionados. Podemos listarlos como: Turqu\u00eda, Grecia, Italia, Israel, Egipto, Espa\u00f1a, Jordania, Georgia, Armenia, Dub\u00e1i, Maldivas, Croacia y los pa\u00edses balc\u00e1nicos (Serbia, Albania, Bosnia y Herzegovina, Kosovo, Montenegro, Macedonia).<br \/>\nMedio D\u00eda de Tours por la Ciudad, Tours Diarios por la Ciudad, <strong>Tours de Excursi\u00f3n en Tierra<\/strong>, Tours en Puerto, Tours de Escala, Tours Gastron\u00f3micos &#8211; Experiencias Culinarias, Tours de Cata de Vinos, Tours de Arte, Tours Cortos por la Ciudad, Tours Arqueol\u00f3gicos, Tours Culturales, <strong>Tours Hist\u00f3ricos<\/strong>, Tours Arquitect\u00f3nicos, Tours por Calles Alternativas, <strong>Tours Familiares<\/strong>, Tours para Ni\u00f1os, Tours para Viajeros Solitarios, Tours para la Comunidad LGBT. Experiencias Arco\u00edris, Eco Tours, Tours de la UNESCO, Tours de Naturaleza, <strong>Paquetes de Luna de Miel<\/strong>, Tours de A\u00f1o Nuevo, Tours de Pascua, Tours de Januc\u00e1, <strong>Tours B\u00edblicos<\/strong>, Tours Jud\u00edos, Tours Isl\u00e1micos y Actividades &amp; Atracciones Locales. Estos son algunos de los conceptos que podemos categorizar nuestros tours y viajes bajo el paraguas de Bonita Travel Agency.<\/p>\n<p>Como miembro de <a href=\"https:\/\/www.tursab.org.tr\/\" target=\"_blank\" rel=\"noopener\"><strong>TURSAB<\/strong><\/a> (Asociaci\u00f3n de Agencias de Viajes de Turqu\u00eda), <strong>Bonita Travel Agency<\/strong> tiene licencia para ofrecer tours y otros servicios en todo el pa\u00eds. Con la licencia de <a href=\"https:\/\/hatta.gr\/\" target=\"_blank\" rel=\"noopener\"><strong>HATTA<\/strong><\/a> (Asociaci\u00f3n de Agencias de Viajes de Grecia), podemos ofrecer servicios en Europa. Junto con s\u00f3lidas asociaciones con nuestras cooperativas locales en cada pa\u00eds, estaremos encantados de ofrecer servicio a tu familia.<\/p>\n<p>Para contactar al equipo de Bonita Tour, puedes usar las direcciones de correo electr\u00f3nico <a href=\"mailto:info@tourbonita.com\" target=\"_blank\" rel=\"noopener\"><strong>info@bonitatour.com<\/strong><\/a> o <a href=\"mailto:bonitatourturkey@gmail.com\" target=\"_blank\" rel=\"noopener\"><strong>bonitatourturkey@gmail.com<\/strong><\/a>, usar <strong>WhatsApp<\/strong> en\u00a0<strong>+905054542137<\/strong> o<strong>+90507 712 6865<\/strong>, llamada directa disponible en los n\u00fameros mencionados y tambi\u00e9n puedes contactarnos en estas plataformas de redes sociales de <strong>Bonita Viajes<\/strong>.<\/p>\n<h4>Bonita Tour &amp; Trip Advisor<\/h4>\n<p>Recomendado y de confianza en <strong>TripAdvisor<\/strong>, as\u00ed que puedes seguir el enlace y consultar las rese\u00f1as de <strong>Bonita Tour Travel Agency<\/strong> en la p\u00e1gina de TripAdvisor. Consulta los testimonios, rese\u00f1as y comentarios de nuestros anteriores hu\u00e9spedes aqu\u00ed para aprender m\u00e1s <strong>sobre nosotros<\/strong>. Tambi\u00e9n puedes ver nuestros productos en Viator, Get Your Guide, TourRadar, Tours by Locals, Klook, Momondo, Mochileros, Lonely Planet y muchas otras plataformas de ventas en l\u00ednea.<br \/>\nComo una de las agencias de viajes m\u00e1s confiables de la industria, <strong>Bonita Tour Travel Agency<\/strong> ofrece un m\u00e9todo de Pago Seguro para nuestros hu\u00e9spedes. Puedes realizar pagos en l\u00ednea con Master Card y Visa directamente en nuestro sitio web como dep\u00f3sito. El pago del saldo se puede realizar en efectivo el d\u00eda del tour a nuestro personal que te recibir\u00e1 o mediante pago en l\u00ednea tambi\u00e9n. Para m\u00e1s detalles <strong>sobre nosotros<\/strong>, no dudes en contactarnos.<\/p>\n<p>Nos alegrar\u00e1 especialmente tenerte como nuestro hu\u00e9sped.<\/p>\n","protected":false},"excerpt":{"rendered":"<p>Aprende m\u00e1s sobre nosotros, Bonita Tour Travel Agency, tu agencia de viajes confiable. Bonita Tour &amp; Bonita Viajes es una agencia de viajes fundada en 2010 en Turqu\u00eda por un equipo de expertos locales en tours: Sr. FATIH, Sr. MEHMET, Sra. HATICE. A lo largo de los a\u00f1os, hemos ampliado nuestras operaciones y tours m\u00e1s&hellip;<\/p>\n","protected":false},"author":1,"featured_media":0,"parent":0,"menu_order":0,"comment_status":"closed","ping_status":"closed","template":"templates\/no-sidebar.php","meta":{"_acf_changed":false,"footnotes":""},"class_list":["post-2185","page","type-page","status-publish","hentry","entry","no-media"],"acf":[],"_links":{"self":[{"href":"https:\/\/bonitatour.com\/es\/wp-json\/wp\/v2\/pages\/2185"}],"collection":[{"href":"https:\/\/bonitatour.com\/es\/wp-json\/wp\/v2\/pages"}],"about":[{"href":"https:\/\/bonitatour.com\/es\/wp-json\/wp\/v2\/types\/page"}],"author":[{"embeddable":true,"href":"https:\/\/bonitatour.com\/es\/wp-json\/wp\/v2\/users\/1"}],"replies":[{"embeddable":true,"href":"https:\/\/bonitatour.com\/es\/wp-json\/wp\/v2\/comments?post=2185"}],"version-history":[{"count":0,"href":"https:\/\/bonitatour.com\/es\/wp-json\/wp\/v2\/pages\/2185\/revisions"}],"wp:attachment":[{"href":"https:\/\/bonitatour.com\/es\/wp-json\/wp\/v2\/media?parent=2185"}],"curies":[{"name":"wp","href":"https:\/\/api.w.org\/{rel}","templated":true}]}}