
{"id":2021,"date":"2023-06-09T18:45:24","date_gmt":"2023-06-09T18:45:24","guid":{"rendered":"https:\/\/bonitatour.com\/?page_id=2021"},"modified":"2024-09-20T23:05:44","modified_gmt":"2024-09-20T23:05:44","slug":"inicial","status":"publish","type":"page","link":"https:\/\/bonitatour.com\/pt\/","title":{"rendered":"INICIAL"},"content":{"rendered":"[vc_row css_animation=&#8221;none&#8221; parallax=&#8221;vcex_parallax&#8221; parallax_image=&#8221;2177&#8243; remove_bottom_col_margin=&#8221;true&#8221; min_height=&#8221;470px&#8221; parallax_speed=&#8221;1.1&#8243; css=&#8221;.vc_custom_1707680184840{margin-top: -50px !important;}&#8221;][vc_column css=&#8221;.vc_custom_1686338452707{margin-bottom: 0px !important;}&#8221;][vc_column_text css_animation=&#8221;fadeInUp&#8221; el_class=&#8221;homefilterform&#8221; css=&#8221;.vc_custom_1726402260480{margin-top: 200px !important;margin-bottom: 20px !important;}&#8221; font_size=&#8221;2xl&#8221; color=&#8221;#ffffff&#8221; font_weight=&#8221;bold&#8221;]\n<h3 style=\"text-align: center;\">PARA ONDE VOC\u00ca VAI?<\/h3>\n[\/vc_column_text][vc_row_inner remove_bottom_col_margin=&#8221;true&#8221; css=&#8221;.vc_custom_1707679883741{padding-top: 20px !important;padding-right: 10px !important;padding-bottom: 40px !important;padding-left: 10px !important;background-color: rgba(254,145,28,0.8) !important;*background-color: rgb(254,145,28) !important;border-radius: 10px !important;}&#8221; el_class=&#8221;homefilterform wpb_animate_when_almost_visible wpb_fadeIn fadeIn&#8221; el_id=&#8221;homefilterform&#8221;][vc_column_inner][vc_column_text css_animation=&#8221;fadeInUp&#8221; el_class=&#8221;wpex-float-left wpex-w-30 homeformitems&#8221;]<label class=\"wpex-m-0 wpex-text-left wpex-color-white wpex-text-lg wpex-font-semibold\" for=\"countrySelect\">Pa\u00eds<\/label><select id=\"countrySelect\" name=\"destination\" class=\"select2\" multiple>\n<option><\/option><\/select>[\/vc_column_text][vc_column_text css_animation=&#8221;fadeInUp&#8221; el_class=&#8221;wpex-float-left wpex-w-30 homeformitems&#8221;]<label class=\"wpex-m-0 wpex-text-left wpex-color-white wpex-text-lg wpex-font-semibold\" for=\"destinationSelect\">Destinos<\/label><select id=\"destinationSelect\" multiple disabled name=\"subdes[]\" class=\"select2\">\n<option><\/option><\/select>[\/vc_column_text][vc_column_text css_animation=&#8221;fadeInUp&#8221; el_class=&#8221;wpex-float-left wpex-w-20 homeformitems&#8221;]<label class=\"wpex-m-0 wpex-text-left wpex-color-white wpex-text-lg wpex-font-semibold\" for=\"tourtype\">Tipos de tours<\/label><select id=\"tourtype\" class=\"select2\" multiple name=\"tour_type[]\"><option value=\"Group tour}\">Group tour<\/option><option value=\"Private tour}\">Private tour<\/option><\/select>[\/vc_column_text][vc_column_text css_animation=&#8221;fadeInUp&#8221; el_class=&#8221;wpex-float-left wpex-w-20 mt-27 wpex-text-lg wpex-leading-loose homeformitems&#8221;]<a id=\"tourfinder\" class=\"vcex-button theme-button inline wpex-float-left wpex-w-100 wpex-leading-none wpex-mt-1\" href=\"#\"><span class=\"theme-button-inner\">Encontrar<\/span><\/a>[\/vc_column_text][\/vc_column_inner][\/vc_row_inner][\/vc_column][\/vc_row][vc_row max_width_custom=&#8221;1024px&#8221;][vc_column css=&#8221;.vc_custom_1686402099024{margin-bottom: 0px !important;}&#8221;][vc_empty_space height=&#8221;50px&#8221;][vc_column_text css_animation=&#8221;fadeInUp&#8221; el_class=&#8221;wpex-text-justify&#8221; font_size=&#8221;md&#8221;]Pacotes tur\u00edsticos nos pa\u00edses mencionados com guias locais que s\u00e3o especialistas em suas pr\u00f3prias \u00e1reas s\u00e3o oferecidos aos nossos h\u00f3spedes. Voc\u00ea pode conferir nossas op\u00e7\u00f5es de tour no seguinte link aqui. Voc\u00ea pode verificar as op\u00e7\u00f5es de tour ou entrar em contato diretamente com nossa equipe para criar um pacote tur\u00edstico personalizado para sua fam\u00edlia.<\/p>\n<p>Os membros da equipe da Bonita Tour Travel Agency falam ingl\u00eas, espanhol, portugu\u00eas, italiano e turco. No processo de reserva do seu tour, nossa equipe pode te ajudar nesses idiomas de forma profissional. A maioria dos nossos tours \u00e9 realizada em ingl\u00eas, espanhol, portugu\u00eas, italiano, franc\u00eas, alem\u00e3o, russo, grego e turco.[\/vc_column_text][vc_empty_space height=&#8221;30px&#8221;][vc_row_inner][vc_column_inner width=&#8221;2\/3&#8243;][vc_column_text css_animation=&#8221;fadeInUp&#8221;]\n<h4>Clientes Felizes!<\/h4>\n[\/vc_column_text][vc_empty_space height=&#8221;30px&#8221;][vc_column_text css_animation=&#8221;fadeInUp&#8221; el_class=&#8221;wpex-text-justify&#8221; font_size=&#8221;md&#8221;]Pacotes tur\u00edsticos nos pa\u00edses mencionados com guias locais que s\u00e3o especialistas em suas pr\u00f3prias \u00e1reas s\u00e3o oferecidos aos nossos h\u00f3spedes. Voc\u00ea pode conferir nossas op\u00e7\u00f5es de tour no seguinte link aqui. Voc\u00ea pode verificar as op\u00e7\u00f5es de tour ou entrar em contato diretamente com nossa equipe para criar um pacote tur\u00edstico personalizado para sua fam\u00edlia.<\/p>\n<p>Os membros da equipe da Bonita Tour Travel Agency falam ingl\u00eas, espanhol, portugu\u00eas, italiano e turco. No processo de reserva do seu tour, nossa equipe pode te ajudar nesses idiomas de forma profissional. A maioria dos nossos tours \u00e9 realizada em ingl\u00eas, espanhol, portugu\u00eas, italiano, franc\u00eas, alem\u00e3o, russo, grego e turco.[\/vc_column_text][\/vc_column_inner][vc_column_inner width=&#8221;1\/3&#8243;][vc_empty_space height=&#8221;30px&#8221;][vc_single_image image=&#8221;2115&#8243; css_animation=&#8221;fadeInUp&#8221;][vc_empty_space height=&#8221;30px&#8221;][vc_text_separator title=&#8221;5 estrelas com mais de 500 avalia\u00e7\u00f5es&#8221; color=&#8221;orange&#8221; css_animation=&#8221;fadeInUp&#8221;][vc_empty_space height=&#8221;30px&#8221;][vc_single_image image=&#8221;2116&#8243; css_animation=&#8221;fadeInUp&#8221; onclick=&#8221;custom_link&#8221; img_link_target=&#8221;_blank&#8221; link=&#8221;https:\/\/www.tripadvisor.com\/Attraction_Review-g293974-d3640792-Reviews-Bonita_Tour-Istanbul.html&#8221;][\/vc_column_inner][\/vc_row_inner][vc_empty_space height=&#8221;30px&#8221;][vc_column_text css_animation=&#8221;fadeInUp&#8221; font_size=&#8221;2xl&#8221;]\n<h3>Melhores Pacotes de Turismo<\/h3>\n[\/vc_column_text][vc_empty_space height=&#8221;20px&#8221;]<div class=\"wpex-post-cards wpex-post-cards-template_2775 wpex-mb-0 wpb-animate-in-sequence wpex-relative\"><div class=\"wpex-post-cards-inner\"><div class=\"wpex-post-cards-loop wpex-post-cards-grid wpex-row wpex-clr\"><div class=\"wpex-post-cards-entry post-2808 type-tour col col-1 span_1_of_4 span_1_of_2_tp span_1_of_1_pl span_1_of_1_pp\"><div class=\"wpex-card wpex-card-template_2775 wpex-card-inner wpex-flex wpex-flex-col wpex-flex-grow wpex-rounded wpex-surface-1 wpex-shadow-lg wpex-overflow-hidden wpb_animate_when_almost_visible wpb_fadeInUp fadeInUp\"><style>.vc_custom_1686401728509{margin-top: 0px !important;margin-bottom: 0px !important;}.vc_custom_1698927754113{margin-bottom: 0px !important;}.vc_custom_1686401845420{margin-top: 0px !important;margin-bottom: 0px !important;}.vc_custom_1686401709384{margin-top: 0px !important;margin-bottom: 0px !important;}<\/style><a href=\"https:\/\/bonitatour.com\/pt\/tour\/5-dias-estambul-capadocia\/\" aria-label=\"5 Dias Estambul-Capadocia\" class=\"wpex-card-inner wpex-no-underline wpex-inherit-color\"><div class=\"vc_row wpb_row vc_row-fluid\"><div class=\"wpb_column vc_column_container vc_col-sm-12\"><div class=\"vc_column-inner vc_custom_1686401728509\"><div class=\"wpb_wrapper\"><figure class=\"vcex-image vcex-module wpex-clr wpex-card-media\"><div class=\"vcex-image-inner wpex-relative wpex-inline-block vc_custom_1698927754113\"><span href=\"https:\/\/bonitatour.com\/pt\/tour\/5-dias-estambul-capadocia\/\"><img decoding=\"async\" loading=\"lazy\" class=\"wpex-align-middle\" style=\"border-radius:0;\" src=\"https:\/\/bonitatour.com\/pt\/wp-content\/uploads\/sites\/4\/2023\/10\/BLUE-MOSQUE-468x312.jpg\" alt=\"Lstambul\" srcset=\"https:\/\/bonitatour.com\/pt\/wp-content\/uploads\/sites\/4\/2023\/10\/BLUE-MOSQUE-468x312.jpg 468w, https:\/\/bonitatour.com\/pt\/wp-content\/uploads\/sites\/4\/2023\/10\/BLUE-MOSQUE-450x300.jpg 450w\" width=\"468\" height=\"312\"><\/span><\/div><\/figure><div class=\"vc_row wpb_row vc_inner vc_row-fluid wpex-card-details wpex-p-20 wpex-last-mb-0 vc_custom_1686401845420\"><div class=\"wpb_column vc_column_container vc_col-sm-12\"><div class=\"vc_column-inner vc_custom_1686401709384\"><div class=\"wpb_wrapper\"><div class=\"vcex-page-title vcex-module\"><h5 class=\"vcex-page-title__heading wpex-heading wpex-text-3xl\" style=\"font-size:var(--wpex-text-xl);\"><span class=\"vcex-page-title__text\">5 Dias Estambul-Capadocia<\/span><\/h5><\/div><div class=\"vcex-custom-field vcex-module wpex-clr\"><p>Oriente Magnifico 5 dias<\/p>\n<\/div><style>.vcex-custom-field.vcex_6a05ae50a014a,.vcex-custom-field.vcex_6a05ae50a014a a{color:#3eba1b;}.vcex-custom-field.vcex_6a05ae50a014a{font-size:var(--wpex-text-lg);font-weight:600;}<\/style><div class=\"vcex-custom-field vcex-module wpex-clr wpex-text-lg || priceforbig vcex_6a05ae50a014a\"><span class=\"vcex-custom-field-before wpex-font-normal\">a partir de:<\/span> $950<\/div><\/div><\/div><\/div><\/div><\/div><\/div><\/div><\/div>\r\n<\/a><\/div><\/div><div class=\"wpex-post-cards-entry post-2806 type-tour col col-2 span_1_of_4 span_1_of_2_tp span_1_of_1_pl span_1_of_1_pp tour-category-14\"><div class=\"wpex-card wpex-card-template_2775 wpex-card-inner wpex-flex wpex-flex-col wpex-flex-grow wpex-rounded wpex-surface-1 wpex-shadow-lg wpex-overflow-hidden wpb_animate_when_almost_visible wpb_fadeInUp fadeInUp\"><a href=\"https:\/\/bonitatour.com\/pt\/tour\/2-dias-capadocia-tour\/\" aria-label=\"2 Dias Capadocia Tour\" class=\"wpex-card-inner wpex-no-underline wpex-inherit-color\"><div class=\"vc_row wpb_row vc_row-fluid\"><div class=\"wpb_column vc_column_container vc_col-sm-12\"><div class=\"vc_column-inner vc_custom_1686401728509\"><div class=\"wpb_wrapper\"><figure class=\"vcex-image vcex-module wpex-clr wpex-card-media\"><div class=\"vcex-image-inner wpex-relative wpex-inline-block vc_custom_1698927754113\"><span href=\"https:\/\/bonitatour.com\/pt\/tour\/2-dias-capadocia-tour\/\"><img decoding=\"async\" loading=\"lazy\" class=\"wpex-align-middle\" style=\"border-radius:0;\" src=\"https:\/\/bonitatour.com\/pt\/wp-content\/uploads\/sites\/4\/2023\/11\/voyager-balon-1-468x312.jpg\" alt=\"Cappadocia Balloon Tour\" srcset=\"https:\/\/bonitatour.com\/pt\/wp-content\/uploads\/sites\/4\/2023\/11\/voyager-balon-1-468x312.jpg 468w, https:\/\/bonitatour.com\/pt\/wp-content\/uploads\/sites\/4\/2023\/11\/voyager-balon-1-300x200.jpg 300w, https:\/\/bonitatour.com\/pt\/wp-content\/uploads\/sites\/4\/2023\/11\/voyager-balon-1-768x513.jpg 768w, https:\/\/bonitatour.com\/pt\/wp-content\/uploads\/sites\/4\/2023\/11\/voyager-balon-1-450x300.jpg 450w, https:\/\/bonitatour.com\/pt\/wp-content\/uploads\/sites\/4\/2023\/11\/voyager-balon-1.jpg 952w\" width=\"468\" height=\"312\"><\/span><\/div><\/figure><div class=\"vc_row wpb_row vc_inner vc_row-fluid wpex-card-details wpex-p-20 wpex-last-mb-0 vc_custom_1686401845420\"><div class=\"wpb_column vc_column_container vc_col-sm-12\"><div class=\"vc_column-inner vc_custom_1686401709384\"><div class=\"wpb_wrapper\"><div class=\"vcex-page-title vcex-module\"><h5 class=\"vcex-page-title__heading wpex-heading wpex-text-3xl\" style=\"font-size:var(--wpex-text-xl);\"><span class=\"vcex-page-title__text\">2 Dias Capadocia Tour<\/span><\/h5><\/div><div class=\"vcex-custom-field vcex-module wpex-clr\"><p>Explorando as maravilhas naturais<\/p>\n<\/div><style>.vcex-custom-field.vcex_6a05ae50a41e4,.vcex-custom-field.vcex_6a05ae50a41e4 a{color:#3eba1b;}.vcex-custom-field.vcex_6a05ae50a41e4{font-size:var(--wpex-text-lg);font-weight:600;}<\/style><div class=\"vcex-custom-field vcex-module wpex-clr wpex-text-lg || priceforbig vcex_6a05ae50a41e4\"><span class=\"vcex-custom-field-before wpex-font-normal\">a partir de:<\/span> $560<\/div><\/div><\/div><\/div><\/div><\/div><\/div><\/div><\/div>\r\n<\/a><\/div><\/div><div class=\"wpex-post-cards-entry post-2805 type-tour col col-3 span_1_of_4 span_1_of_2_tp span_1_of_1_pl span_1_of_1_pp tour-category-14\"><div class=\"wpex-card wpex-card-template_2775 wpex-card-inner wpex-flex wpex-flex-col wpex-flex-grow wpex-rounded wpex-surface-1 wpex-shadow-lg wpex-overflow-hidden wpb_animate_when_almost_visible wpb_fadeInUp fadeInUp\"><a href=\"https:\/\/bonitatour.com\/pt\/tour\/5-dias-istambul-tour\/\" aria-label=\"5 Dias Istambul Tour\" class=\"wpex-card-inner wpex-no-underline wpex-inherit-color\"><div class=\"vc_row wpb_row vc_row-fluid\"><div class=\"wpb_column vc_column_container vc_col-sm-12\"><div class=\"vc_column-inner vc_custom_1686401728509\"><div class=\"wpb_wrapper\"><figure class=\"vcex-image vcex-module wpex-clr wpex-card-media\"><div class=\"vcex-image-inner wpex-relative wpex-inline-block vc_custom_1698927754113\"><span href=\"https:\/\/bonitatour.com\/pt\/tour\/5-dias-istambul-tour\/\"><img decoding=\"async\" loading=\"lazy\" class=\"wpex-align-middle\" style=\"border-radius:0;\" src=\"https:\/\/bonitatour.com\/pt\/wp-content\/uploads\/sites\/4\/2023\/10\/ayasofia-church-468x312.jpg\" alt=\"5 Dias Lstambul Tour\" srcset=\"https:\/\/bonitatour.com\/pt\/wp-content\/uploads\/sites\/4\/2023\/10\/ayasofia-church-468x312.jpg 468w, https:\/\/bonitatour.com\/pt\/wp-content\/uploads\/sites\/4\/2023\/10\/ayasofia-church-300x200.jpg 300w, https:\/\/bonitatour.com\/pt\/wp-content\/uploads\/sites\/4\/2023\/10\/ayasofia-church-1024x683.jpg 1024w, https:\/\/bonitatour.com\/pt\/wp-content\/uploads\/sites\/4\/2023\/10\/ayasofia-church-768x512.jpg 768w, https:\/\/bonitatour.com\/pt\/wp-content\/uploads\/sites\/4\/2023\/10\/ayasofia-church-1536x1024.jpg 1536w, https:\/\/bonitatour.com\/pt\/wp-content\/uploads\/sites\/4\/2023\/10\/ayasofia-church-2048x1365.jpg 2048w, https:\/\/bonitatour.com\/pt\/wp-content\/uploads\/sites\/4\/2023\/10\/ayasofia-church-450x300.jpg 450w\" width=\"468\" height=\"312\"><\/span><\/div><\/figure><div class=\"vc_row wpb_row vc_inner vc_row-fluid wpex-card-details wpex-p-20 wpex-last-mb-0 vc_custom_1686401845420\"><div class=\"wpb_column vc_column_container vc_col-sm-12\"><div class=\"vc_column-inner vc_custom_1686401709384\"><div class=\"wpb_wrapper\"><div class=\"vcex-page-title vcex-module\"><h5 class=\"vcex-page-title__heading wpex-heading wpex-text-3xl\" style=\"font-size:var(--wpex-text-xl);\"><span class=\"vcex-page-title__text\">5 Dias Istambul Tour<\/span><\/h5><\/div><div class=\"vcex-custom-field vcex-module wpex-clr\"><p>Visita Maravilhas de Istambul<\/p>\n<\/div><style>.vcex-custom-field.vcex_6a05ae50a6b88,.vcex-custom-field.vcex_6a05ae50a6b88 a{color:#3eba1b;}.vcex-custom-field.vcex_6a05ae50a6b88{font-size:var(--wpex-text-lg);font-weight:600;}<\/style><div class=\"vcex-custom-field vcex-module wpex-clr wpex-text-lg || priceforbig vcex_6a05ae50a6b88\"><span class=\"vcex-custom-field-before wpex-font-normal\">a partir de:<\/span> $690<\/div><\/div><\/div><\/div><\/div><\/div><\/div><\/div><\/div>\r\n<\/a><\/div><\/div><div class=\"wpex-post-cards-entry post-2804 type-tour col col-4 span_1_of_4 span_1_of_2_tp span_1_of_1_pl span_1_of_1_pp tour-category-14\"><div class=\"wpex-card wpex-card-template_2775 wpex-card-inner wpex-flex wpex-flex-col wpex-flex-grow wpex-rounded wpex-surface-1 wpex-shadow-lg wpex-overflow-hidden wpb_animate_when_almost_visible wpb_fadeInUp fadeInUp\"><a href=\"https:\/\/bonitatour.com\/pt\/tour\/4-dias-estambul\/\" aria-label=\"4 Dias Estambul\" class=\"wpex-card-inner wpex-no-underline wpex-inherit-color\"><div class=\"vc_row wpb_row vc_row-fluid\"><div class=\"wpb_column vc_column_container vc_col-sm-12\"><div class=\"vc_column-inner vc_custom_1686401728509\"><div class=\"wpb_wrapper\"><figure class=\"vcex-image vcex-module wpex-clr wpex-card-media\"><div class=\"vcex-image-inner wpex-relative wpex-inline-block vc_custom_1698927754113\"><span href=\"https:\/\/bonitatour.com\/pt\/tour\/4-dias-estambul\/\"><img decoding=\"async\" loading=\"lazy\" class=\"wpex-align-middle\" style=\"border-radius:0;\" src=\"https:\/\/bonitatour.com\/pt\/wp-content\/uploads\/sites\/4\/2023\/10\/istiklal-street-468x312.jpg\" alt=\"Istanbul\" srcset=\"https:\/\/bonitatour.com\/pt\/wp-content\/uploads\/sites\/4\/2023\/10\/istiklal-street-468x312.jpg 468w, https:\/\/bonitatour.com\/pt\/wp-content\/uploads\/sites\/4\/2023\/10\/istiklal-street-300x200.jpg 300w, https:\/\/bonitatour.com\/pt\/wp-content\/uploads\/sites\/4\/2023\/10\/istiklal-street-768x512.jpg 768w, https:\/\/bonitatour.com\/pt\/wp-content\/uploads\/sites\/4\/2023\/10\/istiklal-street-450x300.jpg 450w, https:\/\/bonitatour.com\/pt\/wp-content\/uploads\/sites\/4\/2023\/10\/istiklal-street.jpg 1000w\" width=\"468\" height=\"312\"><\/span><\/div><\/figure><div class=\"vc_row wpb_row vc_inner vc_row-fluid wpex-card-details wpex-p-20 wpex-last-mb-0 vc_custom_1686401845420\"><div class=\"wpb_column vc_column_container vc_col-sm-12\"><div class=\"vc_column-inner vc_custom_1686401709384\"><div class=\"wpb_wrapper\"><div class=\"vcex-page-title vcex-module\"><h5 class=\"vcex-page-title__heading wpex-heading wpex-text-3xl\" style=\"font-size:var(--wpex-text-xl);\"><span class=\"vcex-page-title__text\">4 Dias Estambul<\/span><\/h5><\/div><div class=\"vcex-custom-field vcex-module wpex-clr\"><p>Descubra Maravilha Istambul<br \/>\nA chamada de Istambul<\/p>\n<\/div><style>.vcex-custom-field.vcex_6a05ae50a97cb,.vcex-custom-field.vcex_6a05ae50a97cb a{color:#3eba1b;}.vcex-custom-field.vcex_6a05ae50a97cb{font-size:var(--wpex-text-lg);font-weight:600;}<\/style><div class=\"vcex-custom-field vcex-module wpex-clr wpex-text-lg || priceforbig vcex_6a05ae50a97cb\"><span class=\"vcex-custom-field-before wpex-font-normal\">a partir de:<\/span> $590<\/div><\/div><\/div><\/div><\/div><\/div><\/div><\/div><\/div>\r\n<\/a><\/div><\/div><\/div><\/div><\/div>[vc_btn title=&#8221;Ver Todos os Tours&#8221; color=&#8221;primary&#8221; size=&#8221;sm&#8221; align=&#8221;center&#8221; i_align=&#8221;right&#8221; i_icon_fontawesome=&#8221;fas fa-long-arrow-alt-right&#8221; css_animation=&#8221;fadeInUp&#8221; add_icon=&#8221;true&#8221; link=&#8221;url:https%3A%2F%2Fbonitatour.com%2Fpt%2Fencontre-seu-tour%2F|title:Vamos%20encontrar%20o%20seu%20passeio%20perfeito.&#8221;][\/vc_column][\/vc_row]\n","protected":false},"excerpt":{"rendered":"\u00a01\u00ba dia - Istambul Chegada, recep\u00e7\u00e3o e traslado privativo ao hotel. Hospedagem por 3 noites, com caf\u00e9 da manh\u00e3. \u00a0 2\u00ba dia - Istambul\u00a0 Ap\u00f3s o caf\u00e9 da manh\u00e3, sa\u00edda para passeio privativo de dia inteiro para conhecer os principais pontos tur\u00edsticos da cidade, visitando a Mesquita Azul, Museu de Santa Sofia, Gran Bazar, Hip\u00f3dromo&hellip;","protected":false},"author":1,"featured_media":0,"parent":0,"menu_order":0,"comment_status":"closed","ping_status":"closed","template":"templates\/full-screen.php","meta":{"_acf_changed":false,"footnotes":""},"class_list":["post-2021","page","type-page","status-publish","hentry","entry","has-media"],"acf":[],"_links":{"self":[{"href":"https:\/\/bonitatour.com\/pt\/wp-json\/wp\/v2\/pages\/2021"}],"collection":[{"href":"https:\/\/bonitatour.com\/pt\/wp-json\/wp\/v2\/pages"}],"about":[{"href":"https:\/\/bonitatour.com\/pt\/wp-json\/wp\/v2\/types\/page"}],"author":[{"embeddable":true,"href":"https:\/\/bonitatour.com\/pt\/wp-json\/wp\/v2\/users\/1"}],"replies":[{"embeddable":true,"href":"https:\/\/bonitatour.com\/pt\/wp-json\/wp\/v2\/comments?post=2021"}],"version-history":[{"count":0,"href":"https:\/\/bonitatour.com\/pt\/wp-json\/wp\/v2\/pages\/2021\/revisions"}],"wp:attachment":[{"href":"https:\/\/bonitatour.com\/pt\/wp-json\/wp\/v2\/media?parent=2021"}],"curies":[{"name":"wp","href":"https:\/\/api.w.org\/{rel}","templated":true}]}}