
{"id":2027,"date":"2023-06-09T18:55:19","date_gmt":"2023-06-09T18:55:19","guid":{"rendered":"https:\/\/bonitatour.com\/?page_id=2027"},"modified":"2024-09-15T13:04:03","modified_gmt":"2024-09-15T13:04:03","slug":"destinos","status":"publish","type":"page","link":"https:\/\/bonitatour.com\/pt\/destinos\/","title":{"rendered":"Destinos"},"content":{"rendered":"[vc_row][vc_column][vc_column_text css_animation=&#8221;fadeInUp&#8221;]<strong>Tour Privados<\/strong> e <strong>Tour em Grupo Compartilhado<\/strong> nos <strong>destinos<\/strong> e pa\u00edses mencionados ser\u00e3o as melhores op\u00e7\u00f5es para voc\u00ea se juntar. Voc\u00ea definitivamente poder\u00e1 aproveitar a ess\u00eancia de cada pa\u00eds ao participar dos nossos tours com especialistas locais e <strong>guias tur\u00edsticos<\/strong>. Os <strong>destinos<\/strong> mais populares e os destaques de cada cidade ser\u00e3o organizados para voc\u00ea <strong>planejar sua viagem<\/strong>. Itiner\u00e1rios de tour personalizados, itiner\u00e1rios selecionados e <strong>melhores guias de cidade<\/strong> estar\u00e3o \u00e0 sua disposi\u00e7\u00e3o durante esta viagem. Mencionamos os principais <strong>destinos<\/strong> de cada pa\u00eds, voc\u00ea pode conferi-los. No entanto, sinta-se \u00e0 vontade para nos contatar para <strong>planejar sua viagem<\/strong> em <strong>destinos<\/strong> menos conhecidos, mas importantes, na rota de viagem.[\/vc_column_text][vc_empty_space][\/vc_column][\/vc_row]\n","protected":false},"excerpt":{"rendered":"<p>[vc_row][vc_column][vc_column_text css_animation=&#8221;fadeInUp&#8221;]Tour Privados e Tour em Grupo Compartilhado nos destinos e pa\u00edses mencionados ser\u00e3o as melhores op\u00e7\u00f5es para voc\u00ea se juntar. Voc\u00ea definitivamente poder\u00e1 aproveitar a ess\u00eancia de cada pa\u00eds ao participar dos nossos tours com especialistas locais e guias tur\u00edsticos. Os destinos mais populares e os destaques de cada cidade ser\u00e3o organizados para voc\u00ea&hellip;<\/p>\n","protected":false},"author":1,"featured_media":0,"parent":0,"menu_order":0,"comment_status":"closed","ping_status":"closed","template":"templates\/no-sidebar.php","meta":{"_acf_changed":false,"footnotes":""},"class_list":["post-2027","page","type-page","status-publish","hentry","entry","no-media"],"acf":[],"_links":{"self":[{"href":"https:\/\/bonitatour.com\/pt\/wp-json\/wp\/v2\/pages\/2027"}],"collection":[{"href":"https:\/\/bonitatour.com\/pt\/wp-json\/wp\/v2\/pages"}],"about":[{"href":"https:\/\/bonitatour.com\/pt\/wp-json\/wp\/v2\/types\/page"}],"author":[{"embeddable":true,"href":"https:\/\/bonitatour.com\/pt\/wp-json\/wp\/v2\/users\/1"}],"replies":[{"embeddable":true,"href":"https:\/\/bonitatour.com\/pt\/wp-json\/wp\/v2\/comments?post=2027"}],"version-history":[{"count":0,"href":"https:\/\/bonitatour.com\/pt\/wp-json\/wp\/v2\/pages\/2027\/revisions"}],"wp:attachment":[{"href":"https:\/\/bonitatour.com\/pt\/wp-json\/wp\/v2\/media?parent=2027"}],"curies":[{"name":"wp","href":"https:\/\/api.w.org\/{rel}","templated":true}]}}