
{"id":2029,"date":"2023-06-09T18:55:43","date_gmt":"2023-06-09T18:55:43","guid":{"rendered":"https:\/\/bonitatour.com\/?page_id=2029"},"modified":"2024-09-15T12:22:39","modified_gmt":"2024-09-15T12:22:39","slug":"blog","status":"publish","type":"page","link":"https:\/\/bonitatour.com\/pt\/blog\/","title":{"rendered":"Blog"},"content":{"rendered":"[vc_row][vc_column][vc_text_separator title=&#8221;Artigos do Blog de Viagem&#8221; title_align=&#8221;separator_align_left&#8221; css_animation=&#8221;fadeInUp&#8221; css=&#8221;.vc_custom_1726402936403{margin-bottom: 15px !important;}&#8221;][vc_column_text css_animation=&#8221;fadeInUp&#8221;]A se\u00e7\u00e3o de <strong>Artigos do Blog de Viagem<\/strong> do nosso site est\u00e1 aqui para te ajudar a planejar sua <strong>viagem<\/strong>. Fornecemos ideias de viagem para voc\u00ea considerar enquanto planeja sua <strong>visita<\/strong> ao pa\u00eds mencionado. Ser\u00e1 definitivamente \u00fatil para voc\u00ea consultar esses artigos e obter sugest\u00f5es de um especialista local em viagens antes das suas <strong>f\u00e9rias<\/strong>. Um <strong>artigo de blog<\/strong> profissionalmente projetado pode ser a melhor vers\u00e3o para criar seu <strong>plano de viagem<\/strong>. Ler coment\u00e1rios e recomenda\u00e7\u00f5es sobre cada cidade e destino antes da chegada pode ser \u00fatil para organizar seu <strong>tour<\/strong>. Confira as informa\u00e7\u00f5es mais importantes que voc\u00ea precisa saber antes de visitar uma cidade na nossa p\u00e1gina de destinos. A ajuda de profissionais tornar\u00e1 suas <strong>f\u00e9rias<\/strong> inesquec\u00edveis.[\/vc_column_text][vc_empty_space][\/vc_column][\/vc_row]\n","protected":false},"excerpt":{"rendered":"<p>[vc_row][vc_column][vc_text_separator title=&#8221;Artigos do Blog de Viagem&#8221; title_align=&#8221;separator_align_left&#8221; css_animation=&#8221;fadeInUp&#8221; css=&#8221;.vc_custom_1726402936403{margin-bottom: 15px !important;}&#8221;][vc_column_text css_animation=&#8221;fadeInUp&#8221;]A se\u00e7\u00e3o de Artigos do Blog de Viagem do nosso site est\u00e1 aqui para te ajudar a planejar sua viagem. Fornecemos ideias de viagem para voc\u00ea considerar enquanto planeja sua visita ao pa\u00eds mencionado. Ser\u00e1 definitivamente \u00fatil para voc\u00ea consultar esses artigos e obter&hellip;<\/p>\n","protected":false},"author":1,"featured_media":0,"parent":0,"menu_order":0,"comment_status":"closed","ping_status":"closed","template":"templates\/no-sidebar.php","meta":{"_acf_changed":false,"footnotes":""},"class_list":["post-2029","page","type-page","status-publish","hentry","entry","no-media"],"acf":[],"_links":{"self":[{"href":"https:\/\/bonitatour.com\/pt\/wp-json\/wp\/v2\/pages\/2029"}],"collection":[{"href":"https:\/\/bonitatour.com\/pt\/wp-json\/wp\/v2\/pages"}],"about":[{"href":"https:\/\/bonitatour.com\/pt\/wp-json\/wp\/v2\/types\/page"}],"author":[{"embeddable":true,"href":"https:\/\/bonitatour.com\/pt\/wp-json\/wp\/v2\/users\/1"}],"replies":[{"embeddable":true,"href":"https:\/\/bonitatour.com\/pt\/wp-json\/wp\/v2\/comments?post=2029"}],"version-history":[{"count":0,"href":"https:\/\/bonitatour.com\/pt\/wp-json\/wp\/v2\/pages\/2029\/revisions"}],"wp:attachment":[{"href":"https:\/\/bonitatour.com\/pt\/wp-json\/wp\/v2\/media?parent=2029"}],"curies":[{"name":"wp","href":"https:\/\/api.w.org\/{rel}","templated":true}]}}