
{"id":2055,"date":"2023-06-14T13:49:29","date_gmt":"2023-06-14T13:49:29","guid":{"rendered":"https:\/\/bonitatour.com\/?page_id=2055"},"modified":"2024-09-16T20:18:51","modified_gmt":"2024-09-16T20:18:51","slug":"encontre-seu-tour","status":"publish","type":"page","link":"https:\/\/bonitatour.com\/pt\/encontre-seu-tour\/","title":{"rendered":"Encontre Seu Tour"},"content":{"rendered":"[vc_row][vc_column css_animation=&#8221;fadeIn&#8221; typography_style=&#8221;black&#8221; width=&#8221;1\/4&#8243; css=&#8221;.vc_custom_1707680323593{padding-top: 20px !important;padding-right: 10px !important;padding-bottom: 10px !important;padding-left: 20px !important;background-color: #fea852 !important;border-radius: 10px !important;}&#8221; el_id=&#8221;filters&#8221;][vc_column_text css_animation=&#8221;fadeInUp&#8221; font_size=&#8221;lg&#8221;]<strong>Destinos<\/strong>[\/vc_column_text][vc_empty_space height=&#8221;10px&#8221;][vc_column_text css_animation=&#8221;fadeInUp&#8221;][\/vc_column_text][vc_empty_space height=&#8221;30px&#8221;][vc_column_text css_animation=&#8221;fadeInUp&#8221; font_size=&#8221;lg&#8221;]<strong>Tipo de Tour<\/strong>[\/vc_column_text][vc_empty_space height=&#8221;10px&#8221;][vc_column_text css_animation=&#8221;fadeInUp&#8221;]<label class=\"form-control\"><input type=\"checkbox\" name=\"tour_type[]\" value=\"Group tour\" \/>Group tour<\/label><label class=\"form-control\"><input type=\"checkbox\" name=\"tour_type[]\" value=\"Private tour\" \/>Private tour<\/label>[\/vc_column_text][vc_empty_space height=&#8221;30px&#8221;][vc_column_text css_animation=&#8221;fadeInUp&#8221; font_size=&#8221;lg&#8221;]<strong>Idioma<\/strong>[\/vc_column_text][vc_empty_space height=&#8221;10px&#8221;][vc_column_text css_animation=&#8221;fadeInUp&#8221;]<label class=\"form-control\"><input type=\"checkbox\" name=\"language[]\" value=\"en\" \/>English<\/label><label class=\"form-control\"><input type=\"checkbox\" name=\"language[]\" value=\"es\" \/>Espa\u00f1ol<\/label><label class=\"form-control\"><input type=\"checkbox\" name=\"language[]\" value=\"it\" \/>Italiano<\/label><label class=\"form-control\"><input type=\"checkbox\" name=\"language[]\" value=\"pt\" \/>Portugu\u00eas<\/label><label class=\"form-control\"><input type=\"checkbox\" name=\"language[]\" value=\"de\" \/>Deutsch<\/label><label class=\"form-control\"><input type=\"checkbox\" name=\"language[]\" value=\"fr\" \/>Fran\u00e7ais<\/label><label class=\"form-control\"><input type=\"checkbox\" name=\"language[]\" value=\"ru\" \/>\u0420\u0443\u0441\u0441\u043a\u0438\u0439<\/label>[\/vc_column_text][vc_empty_space height=&#8221;30px&#8221;][vc_btn title=&#8221;Limpar Filtros&#8221; color=&#8221;primary&#8221; size=&#8221;sm&#8221; align=&#8221;center&#8221; css_animation=&#8221;none&#8221; button_block=&#8221;true&#8221; link=&#8221;url:https%3A%2F%2Fbonitatour.com%2Fpt%2Fencontre-seu-tour|title:Vamos%20encontrar%20o%20seu%20tour%20perfeito&#8221; css=&#8221;.vc_custom_1726405711887{margin-bottom: 0px !important;}&#8221; el_class=&#8221;wpex-font-semibold&#8221;][\/vc_column][vc_column width=&#8221;3\/4&#8243; el_id=&#8221;filter_results&#8221;]<style>.wpex-post-cards.vcex_6a05b783ace90 .wpex-pagination{text-align:center;}<\/style><div class=\"wpex-post-cards wpex-post-cards-template_2774 wpb-animate-in-sequence vcex_6a05b783ace90 wpex-relative\"><div class=\"wpex-post-cards-inner\"><div class=\"wpex-post-cards-loop wpex-post-cards-grid wpex-row wpex-clr\"><div class=\"wpex-post-cards-entry post-2808 type-tour col col-1 span_1_of_1\"><div class=\"wpex-card wpex-card-template_2774 wpb_animate_when_almost_visible wpb_fadeInUp fadeInUp\"><style>.vc_custom_1687009268390{margin-bottom: 0px !important;border-top-width: 1px !important;border-right-width: 1px !important;border-bottom-width: 1px !important;border-left-width: 1px !important;background-color: #f2f7ff !important;border-left-color: #bdd3f4 !important;border-left-style: solid !important;border-right-color: #bdd3f4 !important;border-right-style: solid !important;border-top-color: #bdd3f4 !important;border-top-style: solid !important;border-bottom-color: #bdd3f4 !important;border-bottom-style: solid !important;border-radius: 10px !important;}.vc_custom_1687008108415{margin-bottom: 0px !important;padding-top: 0px !important;padding-right: 0px !important;padding-bottom: 0px !important;padding-left: 0px !important;}.vc_custom_1688302530123{margin-bottom: 0px !important;padding-top: 10px !important;padding-right: 10px !important;padding-bottom: 5px !important;padding-left: 15px !important;}.vc_custom_1687018386669{margin-top: 3px !important;margin-right: 3px !important;margin-bottom: 3px !important;margin-left: 3px !important;}<\/style><a href=\"https:\/\/bonitatour.com\/pt\/tour\/5-dias-estambul-capadocia\/\" aria-label=\"5 Dias Estambul-Capadocia\" class=\"wpex-card-inner wpex-no-underline wpex-inherit-color\"><div class=\"vc_row wpb_row vc_row-fluid vc_custom_1687009268390 wpex-vc_row-has-fill wpex-vc-reset-negative-margin\"><div class=\"wpb_column vc_column_container vc_col-sm-3\"><div class=\"vc_column-inner vc_custom_1687008108415\"><div class=\"wpb_wrapper\"><figure class=\"vcex-image vcex-module wpex-clr\"><div class=\"vcex-image-inner wpex-relative wpex-inline-block vc_custom_1687018386669\"><img decoding=\"async\" loading=\"lazy\" class=\"wpex-align-middle\" style=\"border-radius:var(--wpex-rounded-sm);\" src=\"https:\/\/bonitatour.com\/pt\/wp-content\/uploads\/sites\/4\/2023\/10\/BLUE-MOSQUE-450x300.jpg\" alt=\"Lstambul\" srcset=\"https:\/\/bonitatour.com\/pt\/wp-content\/uploads\/sites\/4\/2023\/10\/BLUE-MOSQUE-450x300.jpg 450w, https:\/\/bonitatour.com\/pt\/wp-content\/uploads\/sites\/4\/2023\/10\/BLUE-MOSQUE-468x312.jpg 468w\" width=\"450\" height=\"300\"><\/div><\/figure><\/div><\/div><\/div><div class=\"wpb_column vc_column_container vc_col-sm-9\"><div class=\"vc_column-inner vc_custom_1688302530123\"><div class=\"wpb_wrapper\"><h1 class=\"vcex-heading vcex-module wpex-text-2xl wpex-font-normal wpex-m-auto wpex-max-w-100 vcex-heading-plain wpex-block\" style=\"font-size:14px;font-weight:600;\"><span class=\"vcex-heading-inner wpex-inline-block wpex-clr\">5 Dias Estambul-Capadocia<\/span><\/h1><style>.vcex-custom-field.vcex_6a05b783b12f6,.vcex-custom-field.vcex_6a05b783b12f6 a{color:#3eba1b;}.vcex-custom-field.vcex_6a05b783b12f6{font-size:var(--wpex-text-lg);font-weight:600;}<\/style><div class=\"vcex-custom-field vcex-module wpex-clr wpex-text-lg vcex_6a05b783b12f6\"><span class=\"vcex-custom-field-before wpex-font-normal\">a partir de:<\/span> $950<\/div><div class=\"vcex-custom-field vcex-module wpex-clr\"><p>Oriente Magnifico 5 dias<\/p>\n<\/div><\/div><\/div><\/div><\/div>\r\n<\/a><\/div><\/div><div class=\"wpex-post-cards-entry post-2806 type-tour col col-1 span_1_of_1 tour-category-14\"><div class=\"wpex-card wpex-card-template_2774 wpb_animate_when_almost_visible wpb_fadeInUp fadeInUp\"><a href=\"https:\/\/bonitatour.com\/pt\/tour\/2-dias-capadocia-tour\/\" aria-label=\"2 Dias Capadocia Tour\" class=\"wpex-card-inner wpex-no-underline wpex-inherit-color\"><div class=\"vc_row wpb_row vc_row-fluid vc_custom_1687009268390 wpex-vc_row-has-fill wpex-vc-reset-negative-margin\"><div class=\"wpb_column vc_column_container vc_col-sm-3\"><div class=\"vc_column-inner vc_custom_1687008108415\"><div class=\"wpb_wrapper\"><figure class=\"vcex-image vcex-module wpex-clr\"><div class=\"vcex-image-inner wpex-relative wpex-inline-block vc_custom_1687018386669\"><img decoding=\"async\" loading=\"lazy\" class=\"wpex-align-middle\" style=\"border-radius:var(--wpex-rounded-sm);\" src=\"https:\/\/bonitatour.com\/pt\/wp-content\/uploads\/sites\/4\/2023\/11\/voyager-balon-1-450x300.jpg\" alt=\"Cappadocia Balloon Tour\" srcset=\"https:\/\/bonitatour.com\/pt\/wp-content\/uploads\/sites\/4\/2023\/11\/voyager-balon-1-450x300.jpg 450w, https:\/\/bonitatour.com\/pt\/wp-content\/uploads\/sites\/4\/2023\/11\/voyager-balon-1-300x200.jpg 300w, https:\/\/bonitatour.com\/pt\/wp-content\/uploads\/sites\/4\/2023\/11\/voyager-balon-1-768x513.jpg 768w, https:\/\/bonitatour.com\/pt\/wp-content\/uploads\/sites\/4\/2023\/11\/voyager-balon-1-468x312.jpg 468w, https:\/\/bonitatour.com\/pt\/wp-content\/uploads\/sites\/4\/2023\/11\/voyager-balon-1.jpg 952w\" width=\"450\" height=\"300\"><\/div><\/figure><\/div><\/div><\/div><div class=\"wpb_column vc_column_container vc_col-sm-9\"><div class=\"vc_column-inner vc_custom_1688302530123\"><div class=\"wpb_wrapper\"><h1 class=\"vcex-heading vcex-module wpex-text-2xl wpex-font-normal wpex-m-auto wpex-max-w-100 vcex-heading-plain wpex-block\" style=\"font-size:14px;font-weight:600;\"><span class=\"vcex-heading-inner wpex-inline-block wpex-clr\">2 Dias Capadocia Tour<\/span><\/h1><style>.vcex-custom-field.vcex_6a05b783b4cb4,.vcex-custom-field.vcex_6a05b783b4cb4 a{color:#3eba1b;}.vcex-custom-field.vcex_6a05b783b4cb4{font-size:var(--wpex-text-lg);font-weight:600;}<\/style><div class=\"vcex-custom-field vcex-module wpex-clr wpex-text-lg vcex_6a05b783b4cb4\"><span class=\"vcex-custom-field-before wpex-font-normal\">a partir de:<\/span> $560<\/div><div class=\"vcex-custom-field vcex-module wpex-clr\"><p>Explorando as maravilhas naturais<\/p>\n<\/div><\/div><\/div><\/div><\/div>\r\n<\/a><\/div><\/div><div class=\"wpex-post-cards-entry post-2805 type-tour col col-1 span_1_of_1 tour-category-14\"><div class=\"wpex-card wpex-card-template_2774 wpb_animate_when_almost_visible wpb_fadeInUp fadeInUp\"><a href=\"https:\/\/bonitatour.com\/pt\/tour\/5-dias-istambul-tour\/\" aria-label=\"5 Dias Istambul Tour\" class=\"wpex-card-inner wpex-no-underline wpex-inherit-color\"><div class=\"vc_row wpb_row vc_row-fluid vc_custom_1687009268390 wpex-vc_row-has-fill wpex-vc-reset-negative-margin\"><div class=\"wpb_column vc_column_container vc_col-sm-3\"><div class=\"vc_column-inner vc_custom_1687008108415\"><div class=\"wpb_wrapper\"><figure class=\"vcex-image vcex-module wpex-clr\"><div class=\"vcex-image-inner wpex-relative wpex-inline-block vc_custom_1687018386669\"><img decoding=\"async\" loading=\"lazy\" class=\"wpex-align-middle\" style=\"border-radius:var(--wpex-rounded-sm);\" src=\"https:\/\/bonitatour.com\/pt\/wp-content\/uploads\/sites\/4\/2023\/10\/ayasofia-church-450x300.jpg\" alt=\"5 Dias Lstambul Tour\" srcset=\"https:\/\/bonitatour.com\/pt\/wp-content\/uploads\/sites\/4\/2023\/10\/ayasofia-church-450x300.jpg 450w, https:\/\/bonitatour.com\/pt\/wp-content\/uploads\/sites\/4\/2023\/10\/ayasofia-church-300x200.jpg 300w, https:\/\/bonitatour.com\/pt\/wp-content\/uploads\/sites\/4\/2023\/10\/ayasofia-church-1024x683.jpg 1024w, https:\/\/bonitatour.com\/pt\/wp-content\/uploads\/sites\/4\/2023\/10\/ayasofia-church-768x512.jpg 768w, https:\/\/bonitatour.com\/pt\/wp-content\/uploads\/sites\/4\/2023\/10\/ayasofia-church-1536x1024.jpg 1536w, https:\/\/bonitatour.com\/pt\/wp-content\/uploads\/sites\/4\/2023\/10\/ayasofia-church-2048x1365.jpg 2048w, https:\/\/bonitatour.com\/pt\/wp-content\/uploads\/sites\/4\/2023\/10\/ayasofia-church-468x312.jpg 468w\" width=\"450\" height=\"300\"><\/div><\/figure><\/div><\/div><\/div><div class=\"wpb_column vc_column_container vc_col-sm-9\"><div class=\"vc_column-inner vc_custom_1688302530123\"><div class=\"wpb_wrapper\"><h1 class=\"vcex-heading vcex-module wpex-text-2xl wpex-font-normal wpex-m-auto wpex-max-w-100 vcex-heading-plain wpex-block\" style=\"font-size:14px;font-weight:600;\"><span class=\"vcex-heading-inner wpex-inline-block wpex-clr\">5 Dias Istambul Tour<\/span><\/h1><style>.vcex-custom-field.vcex_6a05b783b73f0,.vcex-custom-field.vcex_6a05b783b73f0 a{color:#3eba1b;}.vcex-custom-field.vcex_6a05b783b73f0{font-size:var(--wpex-text-lg);font-weight:600;}<\/style><div class=\"vcex-custom-field vcex-module wpex-clr wpex-text-lg vcex_6a05b783b73f0\"><span class=\"vcex-custom-field-before wpex-font-normal\">a partir de:<\/span> $690<\/div><div class=\"vcex-custom-field vcex-module wpex-clr\"><p>Visita Maravilhas de Istambul<\/p>\n<\/div><\/div><\/div><\/div><\/div>\r\n<\/a><\/div><\/div><div class=\"wpex-post-cards-entry post-2804 type-tour col col-1 span_1_of_1 tour-category-14\"><div class=\"wpex-card wpex-card-template_2774 wpb_animate_when_almost_visible wpb_fadeInUp fadeInUp\"><a href=\"https:\/\/bonitatour.com\/pt\/tour\/4-dias-estambul\/\" aria-label=\"4 Dias Estambul\" class=\"wpex-card-inner wpex-no-underline wpex-inherit-color\"><div class=\"vc_row wpb_row vc_row-fluid vc_custom_1687009268390 wpex-vc_row-has-fill wpex-vc-reset-negative-margin\"><div class=\"wpb_column vc_column_container vc_col-sm-3\"><div class=\"vc_column-inner vc_custom_1687008108415\"><div class=\"wpb_wrapper\"><figure class=\"vcex-image vcex-module wpex-clr\"><div class=\"vcex-image-inner wpex-relative wpex-inline-block vc_custom_1687018386669\"><img decoding=\"async\" loading=\"lazy\" class=\"wpex-align-middle\" style=\"border-radius:var(--wpex-rounded-sm);\" src=\"https:\/\/bonitatour.com\/pt\/wp-content\/uploads\/sites\/4\/2023\/10\/istiklal-street-450x300.jpg\" alt=\"Istanbul\" srcset=\"https:\/\/bonitatour.com\/pt\/wp-content\/uploads\/sites\/4\/2023\/10\/istiklal-street-450x300.jpg 450w, https:\/\/bonitatour.com\/pt\/wp-content\/uploads\/sites\/4\/2023\/10\/istiklal-street-300x200.jpg 300w, https:\/\/bonitatour.com\/pt\/wp-content\/uploads\/sites\/4\/2023\/10\/istiklal-street-768x512.jpg 768w, https:\/\/bonitatour.com\/pt\/wp-content\/uploads\/sites\/4\/2023\/10\/istiklal-street-468x312.jpg 468w, https:\/\/bonitatour.com\/pt\/wp-content\/uploads\/sites\/4\/2023\/10\/istiklal-street.jpg 1000w\" width=\"450\" height=\"300\"><\/div><\/figure><\/div><\/div><\/div><div class=\"wpb_column vc_column_container vc_col-sm-9\"><div class=\"vc_column-inner vc_custom_1688302530123\"><div class=\"wpb_wrapper\"><h1 class=\"vcex-heading vcex-module wpex-text-2xl wpex-font-normal wpex-m-auto wpex-max-w-100 vcex-heading-plain wpex-block\" style=\"font-size:14px;font-weight:600;\"><span class=\"vcex-heading-inner wpex-inline-block wpex-clr\">4 Dias Estambul<\/span><\/h1><style>.vcex-custom-field.vcex_6a05b783b9b88,.vcex-custom-field.vcex_6a05b783b9b88 a{color:#3eba1b;}.vcex-custom-field.vcex_6a05b783b9b88{font-size:var(--wpex-text-lg);font-weight:600;}<\/style><div class=\"vcex-custom-field vcex-module wpex-clr wpex-text-lg vcex_6a05b783b9b88\"><span class=\"vcex-custom-field-before wpex-font-normal\">a partir de:<\/span> $590<\/div><div class=\"vcex-custom-field vcex-module wpex-clr\"><p>Descubra Maravilha Istambul<br \/>\nA chamada de Istambul<\/p>\n<\/div><\/div><\/div><\/div><\/div>\r\n<\/a><\/div><\/div><\/div><\/div><div class=\"wpex-post-cards-pagination wpex-mt-30 wpex-first-mt-0\">\t\t\t<div class=\"wpex-pagination wpex-clear wpex-mt-30 wpex-clr\"><\/div>\n\t\t<\/div><\/div>[\/vc_column][\/vc_row]\n","protected":false},"excerpt":{"rendered":"\u00a01\u00ba dia - Istambul Chegada, recep\u00e7\u00e3o e traslado privativo ao hotel. Hospedagem por 3 noites, com caf\u00e9 da manh\u00e3. \u00a0 2\u00ba dia - Istambul\u00a0 Ap\u00f3s o caf\u00e9 da manh\u00e3, sa\u00edda para passeio privativo de dia inteiro para conhecer os principais pontos tur\u00edsticos da cidade, visitando a Mesquita Azul, Museu de Santa Sofia, Gran Bazar, Hip\u00f3dromo&hellip;","protected":false},"author":1,"featured_media":0,"parent":0,"menu_order":0,"comment_status":"closed","ping_status":"closed","template":"templates\/no-sidebar.php","meta":{"_acf_changed":false,"footnotes":""},"class_list":["post-2055","page","type-page","status-publish","hentry","entry","has-media"],"acf":[],"_links":{"self":[{"href":"https:\/\/bonitatour.com\/pt\/wp-json\/wp\/v2\/pages\/2055"}],"collection":[{"href":"https:\/\/bonitatour.com\/pt\/wp-json\/wp\/v2\/pages"}],"about":[{"href":"https:\/\/bonitatour.com\/pt\/wp-json\/wp\/v2\/types\/page"}],"author":[{"embeddable":true,"href":"https:\/\/bonitatour.com\/pt\/wp-json\/wp\/v2\/users\/1"}],"replies":[{"embeddable":true,"href":"https:\/\/bonitatour.com\/pt\/wp-json\/wp\/v2\/comments?post=2055"}],"version-history":[{"count":0,"href":"https:\/\/bonitatour.com\/pt\/wp-json\/wp\/v2\/pages\/2055\/revisions"}],"wp:attachment":[{"href":"https:\/\/bonitatour.com\/pt\/wp-json\/wp\/v2\/media?parent=2055"}],"curies":[{"name":"wp","href":"https:\/\/api.w.org\/{rel}","templated":true}]}}