
{"id":2111,"date":"2023-07-02T12:24:23","date_gmt":"2023-07-02T12:24:23","guid":{"rendered":"https:\/\/bonitatour.com\/?page_id=2111"},"modified":"2024-09-15T13:35:23","modified_gmt":"2024-09-15T13:35:23","slug":"tours","status":"publish","type":"page","link":"https:\/\/bonitatour.com\/pt\/tours\/","title":{"rendered":"Tours"},"content":{"rendered":"[vc_row remove_bottom_col_margin=&#8221;true&#8221;][vc_column][vc_column_text css_animation=&#8221;fadeInUp&#8221;]Uma viagem ao seu destino dos sonhos ser\u00e1 incr\u00edvel com <strong>tours<\/strong> e <strong>guias<\/strong> que s\u00e3o especialistas. Para aproveitar suas <strong>f\u00e9rias<\/strong>, voc\u00ea pode nos contatar para planejar sua <strong>viagem<\/strong> com a experi\u00eancia de nossos agentes. Cada destino e pa\u00eds oferece experi\u00eancias diferentes e nossos especialistas ficar\u00e3o felizes em ajudar voc\u00ea. <strong>Tours<\/strong> em v\u00e1rios pa\u00edses e tours combinados s\u00e3o alternativas que podemos oferecer a voc\u00ea, por favor, verifique as <strong>op\u00e7\u00f5es de viagem<\/strong> abaixo. Al\u00e9m das op\u00e7\u00f5es que voc\u00ea v\u00ea abaixo, voc\u00ea pode entrar em contato com nossa equipe de <strong>especialistas em viagens<\/strong>. Ficaremos mais do que felizes em criar o itiner\u00e1rio do seu <strong>tour<\/strong> de acordo com seus interesses. Itiner\u00e1rios personalizados podem ser a melhor vers\u00e3o de <strong>pacotes tur\u00edsticos privados<\/strong> para sua <strong>viagem em fam\u00edlia<\/strong>.[\/vc_column_text][vc_empty_space]<div class=\"vcex-module vcex-terms-grid wpex-row wpex-clr\"><div class=\"vcex-terms-grid-entry wpex-last-mb-0 wpex-clr span_1_of_3 col  wpb_animate_when_almost_visible wpb_fadeInUp fadeInUp term-14 term-turquia-tours col-1\" ><div class=\"vcex-terms-grid-entry-image wpex-clr vcex-has-overlay overlay-parent\"><a href=\"https:\/\/bonitatour.com\/pt\/tour-category\/turquia-tours\/\" title=\"TURQUIA TOURS\"><img decoding=\"async\" loading=\"lazy\" class=\"wpex-align-middle wpex-w-100\" alt=\"TURQUIA TOURS\" src=\"https:\/\/bonitatour.com\/pt\/wp-content\/uploads\/sites\/4\/2023\/10\/ayasofia-church-328x217.jpg\" width=\"328\" height=\"217\"><div class=\"vcex-terms-grid-entry-overlay wpex-absolute wpex-inset-0 wpex-text-white\"><span class=\"vcex-terms-grid-entry-overlay-bg wpex-block wpex-absolute wpex-inset-0 wpex-bg-black wpex-opacity-40\"><\/span><div class=\"vcex-terms-grid-entry-overlay-content wpex-relative wpex-flex wpex-items-center wpex-p-20 wpex-h-100 wpex-w-100\"><h2 class=\"vcex-terms-grid-entry-title entry-title wpex-flex-grow wpex-text-xl wpex-text-center wpex-inherit-color-important\">TURQUIA TOURS<\/h2><\/div><\/div><\/a><\/div><\/div><\/div>[vc_empty_space][\/vc_column][\/vc_row]\n","protected":false},"excerpt":{"rendered":"<p>[vc_row remove_bottom_col_margin=&#8221;true&#8221;][vc_column][vc_column_text css_animation=&#8221;fadeInUp&#8221;]Uma viagem ao seu destino dos sonhos ser\u00e1 incr\u00edvel com tours e guias que s\u00e3o especialistas. Para aproveitar suas f\u00e9rias, voc\u00ea pode nos contatar para planejar sua viagem com a experi\u00eancia de nossos agentes. Cada destino e pa\u00eds oferece experi\u00eancias diferentes e nossos especialistas ficar\u00e3o felizes em ajudar voc\u00ea. Tours em v\u00e1rios pa\u00edses&hellip;<\/p>\n","protected":false},"author":1,"featured_media":0,"parent":0,"menu_order":0,"comment_status":"closed","ping_status":"closed","template":"templates\/no-sidebar.php","meta":{"_acf_changed":false,"footnotes":""},"class_list":["post-2111","page","type-page","status-publish","hentry","entry","no-media"],"acf":[],"_links":{"self":[{"href":"https:\/\/bonitatour.com\/pt\/wp-json\/wp\/v2\/pages\/2111"}],"collection":[{"href":"https:\/\/bonitatour.com\/pt\/wp-json\/wp\/v2\/pages"}],"about":[{"href":"https:\/\/bonitatour.com\/pt\/wp-json\/wp\/v2\/types\/page"}],"author":[{"embeddable":true,"href":"https:\/\/bonitatour.com\/pt\/wp-json\/wp\/v2\/users\/1"}],"replies":[{"embeddable":true,"href":"https:\/\/bonitatour.com\/pt\/wp-json\/wp\/v2\/comments?post=2111"}],"version-history":[{"count":0,"href":"https:\/\/bonitatour.com\/pt\/wp-json\/wp\/v2\/pages\/2111\/revisions"}],"wp:attachment":[{"href":"https:\/\/bonitatour.com\/pt\/wp-json\/wp\/v2\/media?parent=2111"}],"curies":[{"name":"wp","href":"https:\/\/api.w.org\/{rel}","templated":true}]}}