
{"id":2119,"date":"2023-07-02T13:03:52","date_gmt":"2023-07-02T13:03:52","guid":{"rendered":"https:\/\/bonitatour.com\/?page_id=2119"},"modified":"2024-09-15T13:28:17","modified_gmt":"2024-09-15T13:28:17","slug":"termos-e-condicoes","status":"publish","type":"page","link":"https:\/\/bonitatour.com\/pt\/termos-e-condicoes\/","title":{"rendered":"Termos e Condi\u00e7\u00f5es"},"content":{"rendered":"[vc_row][vc_column]<div class=\"vcex-page-title vcex-module\"><h1 class=\"vcex-page-title__heading wpex-heading wpex-text-3xl\"><span class=\"vcex-page-title__text\">Termos e Condi\u00e7\u00f5es<\/span><\/h1><\/div>[vc_empty_space][vc_column_text]<strong>RESERVAS E PAGAMENTOS<\/strong><\/p>\n<p>Qualquer dep\u00f3sito\/pagamento recebido por <strong>BONITA TOUR<\/strong> para um pacote de viagem ou servi\u00e7o confirmado constitui pleno conhecimento e aceita\u00e7\u00e3o de todos os termos e condi\u00e7\u00f5es. Cada pessoa que faz reservas para ou participa dos servi\u00e7os descritos neste site entende e concorda com todos os termos, condi\u00e7\u00f5es e limita\u00e7\u00f5es aqui estabelecidos.<\/p>\n<p><strong>TOURS NA TURQUIA<\/strong> Os servi\u00e7os descritos neste site s\u00e3o compreendidos e aceitos por cada pessoa que faz reservas para ou participa deles.<\/p>\n<p><strong>VISTOS E DOCUMENTA\u00c7\u00c3O:<\/strong> Cada viajante deve ter um passaporte v\u00e1lido com pelo menos 6 meses de validade restante. O viajante \u00e9 respons\u00e1vel por obter informa\u00e7\u00f5es sobre os requisitos de entrada e vistos para os pa\u00edses que est\u00e1 visitando.<\/p>\n<p><strong>SEGURO DE VIAGEM PESSOAL:<\/strong> <strong>BONITA TOUR<\/strong> n\u00e3o fornece seguro para passageiros em caso de perda durante a viagem mencionada aqui. Recomenda-se que os passageiros obtenham seu pr\u00f3prio seguro de viagem para sa\u00fade durante a viagem e\/ou perda de bagagem. Tamb\u00e9m \u00e9 recomendado ter um seguro para fornecer cobertura caso os reembolsos de acordo com a cl\u00e1usula de pagamento final e cancelamento abaixo mencionada n\u00e3o estejam dispon\u00edveis devido aos termos dessa cl\u00e1usula.<\/p>\n<p><strong>N\u00e3o INCLU\u00cdDO NAS TARIFAS:<\/strong> A seguir est\u00e1 uma lista de alguns dos principais itens n\u00e3o inclu\u00eddos nas tarifas: taxas de servi\u00e7o de quarto, itens n\u00e3o inclu\u00eddos nas por\u00e7\u00f5es dos menus reservados para <strong>BONITA TOUR<\/strong>, lavanderia, bebidas, alco\u00f3licas e n\u00e3o alco\u00f3licas, itens de natureza pessoal, impostos de sa\u00edda do aeroporto e quaisquer outros itens n\u00e3o listados especificamente na se\u00e7\u00e3o de tarifas do pacote.<\/p>\n<p><strong>PLANO DE PAGAMENTOS:<\/strong> Um dep\u00f3sito de reserva de 40% \u00e9 necess\u00e1rio na confirma\u00e7\u00e3o para manter todos os servi\u00e7os reservados e confirmados. O saldo final de 60% para o pacote\/servi\u00e7os reservados deve ser pago (15) dias antes da chegada, independentemente de quando as reservas s\u00e3o feitas. S\u00e3o aceitos cart\u00f5es de cr\u00e9dito, VISA e MASTERCARD.<\/p>\n<p><strong>CANCELAMENTO:<\/strong> As reservas s\u00f3 podem ser canceladas por meio de aviso escrito enviado por e-mail ou correio registrado para <strong>BONITA TOUR<\/strong>. Se tal aviso escrito for recebido antes da data de chegada \/ data de in\u00edcio da viagem, <strong>BONITA TOUR<\/strong> aceitar\u00e1 tal cancelamento e reembolsar\u00e1 os custos da parte terrestre que recuperar das entidades pagas em nome dos viajantes apenas na medida \/ valor em que tais fundos forem reembolsados por essas entidades a <strong>BONITA TOUR<\/strong>. Cancelamentos incorrer\u00e3o em uma taxa administrativa fixa de 25 USD.<\/p>\n<p>1- Pol\u00edtica Geral de Cancelamento para Servi\u00e7os Terrestres (use isso apenas como guia, pois as regras de cancelamento podem variar por hotel\/servi\u00e7o\/temporada)<\/p>\n<p><strong>VIAGENS \u00c0 TURQUIA:<\/strong> Em qualquer caso, 25% n\u00e3o reembols\u00e1vel, 30 a 15 dias antes da chegada, podem ser aplicadas taxas de cancelamento de 75% &#8211; 15 dias ou menos antes da chegada, podem ser aplicadas taxas de cancelamento de 100%.<\/p>\n<p>2- Pol\u00edtica Geral de Cancelamento para <strong>CRUZEIROS NA TURQUIA:<\/strong><\/p>\n<p>60-31 dias antes da partida: 25% de taxas de cancelamento<\/p>\n<p>30-16 dias antes da partida: 50% de taxas de cancelamento<\/p>\n<p>15 dias antes da partida ou n\u00e3o comparecimento: 100% de taxas de cancelamento<\/p>\n<p><strong>RESPONSABILIDADES E RESPONSABILIDADE:<\/strong> A responsabilidade de <strong>BONITA TOUR<\/strong> e\/ou seus agentes \u00e9 limitada. <strong>BONITA TOUR<\/strong> e seus agentes atuam apenas como agentes para o passageiro em rela\u00e7\u00e3o \u00e0 viagem, seja por ar, ferrovia, \u00f4nibus ou qualquer outro meio de transporte e n\u00e3o assumem nenhum defeito, atrav\u00e9s dos atos ou omiss\u00f5es de qualquer empresa ou pessoa envolvida no transporte de membros ou na realiza\u00e7\u00e3o dos arranjos do tour, ou como resultado direto ou indireto de atos de Deus, perigos incidentais no mar, ou ar, inc\u00eandio, falha em maquin\u00e1rio ou equipamento, atos de governos ou outras autoridades, guerras de jure ou de fato, sejam declaradas ou n\u00e3o, hostilidades, dist\u00farbios civis, greves, dist\u00farbios, roubo, saqueamento, epidemias, quarentenas, regulamenta\u00e7\u00f5es m\u00e9dicas ou aduaneiras ou por qualquer outra causa.<\/p>\n<p><strong>BONITA TOUR<\/strong> n\u00e3o pode aceitar qualquer responsabilidade por perdas ou despesas adicionais aos viajantes devido a atrasos ou mudan\u00e7as no hor\u00e1rio. Os servi\u00e7os do tour inclu\u00eddos, mas n\u00e3o limitados a servi\u00e7os de guias, acomoda\u00e7\u00f5es em hot\u00e9is, refei\u00e7\u00f5es e outros servi\u00e7os, s\u00e3o fornecidos por terceiros que s\u00e3o independentes e n\u00e3o atuam em nome de <strong>BONITA TOUR<\/strong> e com os quais <strong>BONITA TOUR<\/strong> n\u00e3o tem relacionamento como joint venture ou de outra forma. Portanto, <strong>BONITA TOUR<\/strong> n\u00e3o ser\u00e1 respons\u00e1vel de nenhuma forma por inconvenientes, perdas, danos ou les\u00f5es que surjam de ou em conex\u00e3o com tais servi\u00e7os tur\u00edsticos, sejam eles resultado de mudan\u00e7as na acomoda\u00e7\u00e3o em hot\u00e9is, alimenta\u00e7\u00e3o, manuseio de bagagem, orienta\u00e7\u00e3o de tours ou qualquer outro assunto relacionado. Todas essas perdas ou despesas dever\u00e3o ser assumidas pelo viajante. Cada passageiro renuncia a qualquer reclama\u00e7\u00e3o contra <strong>BONITA TOUR<\/strong> por qualquer atraso, inconveniente ou dano, perda de propriedade ou bagagem ou les\u00e3o ou morte de pessoas devido aos atos ou omiss\u00f5es desses terceiros. Qualquer companhia a\u00e9rea\/empresa de transporte em quest\u00e3o n\u00e3o ser\u00e1 considerada respons\u00e1vel por qualquer ato, omiss\u00e3o ou evento durante o tempo em que os passageiros n\u00e3o estiverem a bordo de sua aeronave ou meio de transporte.<\/p>\n<p><strong>BONITA TOUR<\/strong> reserva-se ainda o direito de, a qualquer momento, alterar qualquer parte do itiner\u00e1rio, ou o transportador, ou a aeronave\/modo de transporte utilizado, ou a acomoda\u00e7\u00e3o em hot\u00e9is utilizada, ou qualquer outro servi\u00e7o devido a circunst\u00e2ncias al\u00e9m do nosso controle.<\/p>\n<p>Tenha uma boa <strong>viagem para a Turquia, Gr\u00e9cia, It\u00e1lia, Israel, Egito, Balc\u00e3s ou pa\u00edses do Oriente M\u00e9dio<\/strong>.[\/vc_column_text][\/vc_column][\/vc_row]\n","protected":false},"excerpt":{"rendered":"<p>[vc_row][vc_column][vc_empty_space][vc_column_text]RESERVAS E PAGAMENTOS Qualquer dep\u00f3sito\/pagamento recebido por BONITA TOUR para um pacote de viagem ou servi\u00e7o confirmado constitui pleno conhecimento e aceita\u00e7\u00e3o de todos os termos e condi\u00e7\u00f5es. Cada pessoa que faz reservas para ou participa dos servi\u00e7os descritos neste site entende e concorda com todos os termos, condi\u00e7\u00f5es e limita\u00e7\u00f5es aqui estabelecidos. TOURS NA&hellip;<\/p>\n","protected":false},"author":1,"featured_media":0,"parent":0,"menu_order":0,"comment_status":"closed","ping_status":"closed","template":"templates\/no-sidebar.php","meta":{"_acf_changed":false,"footnotes":""},"class_list":["post-2119","page","type-page","status-publish","hentry","entry","no-media"],"acf":[],"_links":{"self":[{"href":"https:\/\/bonitatour.com\/pt\/wp-json\/wp\/v2\/pages\/2119"}],"collection":[{"href":"https:\/\/bonitatour.com\/pt\/wp-json\/wp\/v2\/pages"}],"about":[{"href":"https:\/\/bonitatour.com\/pt\/wp-json\/wp\/v2\/types\/page"}],"author":[{"embeddable":true,"href":"https:\/\/bonitatour.com\/pt\/wp-json\/wp\/v2\/users\/1"}],"replies":[{"embeddable":true,"href":"https:\/\/bonitatour.com\/pt\/wp-json\/wp\/v2\/comments?post=2119"}],"version-history":[{"count":0,"href":"https:\/\/bonitatour.com\/pt\/wp-json\/wp\/v2\/pages\/2119\/revisions"}],"wp:attachment":[{"href":"https:\/\/bonitatour.com\/pt\/wp-json\/wp\/v2\/media?parent=2119"}],"curies":[{"name":"wp","href":"https:\/\/api.w.org\/{rel}","templated":true}]}}