
{"id":2120,"date":"2023-07-02T13:04:22","date_gmt":"2023-07-02T13:04:22","guid":{"rendered":"https:\/\/bonitatour.com\/?page_id=2120"},"modified":"2024-09-15T13:17:52","modified_gmt":"2024-09-15T13:17:52","slug":"politica-de-privacidade","status":"publish","type":"page","link":"https:\/\/bonitatour.com\/pt\/politica-de-privacidade\/","title":{"rendered":"Pol\u00edtica de Privacidade"},"content":{"rendered":"[vc_row][vc_column]<div class=\"vcex-page-title vcex-module\"><h1 class=\"vcex-page-title__heading wpex-heading wpex-text-3xl\"><span class=\"vcex-page-title__text\">Pol\u00edtica de Privacidade<\/span><\/h1><\/div>[vc_empty_space][vc_column_text]A miss\u00e3o da\u00a0Bonita Tour\u00a0\u00e9 fornecer a mais alta qualidade na pol\u00edtica de privacidade que oferecemos. Por exemplo, as informa\u00e7\u00f5es pessoais dos clientes nunca s\u00e3o divulgadas a terceiros, nem por escrito, nem verbalmente. Sua privacidade \u00e9 nossa principal preocupa\u00e7\u00e3o na Bonita Tour.<\/p>\n<p>Nossa \u00e9tica de trabalho gira em torno da confidencialidade de nossos clientes, por isso fornecemos\u00a0<u>apenas<\/u>\u00a0seu\u00a0<em>nome<\/em>\u00a0e\u00a0<em>solicita\u00e7\u00e3o de reserva<\/em>\u00a0ao nosso fornecedor. Al\u00e9m disso, na\u00a0Bonita Tour,\u00a0cumprimos as Leis Europeias de Prote\u00e7\u00e3o de Dados Pessoais e os procedimentos de seguran\u00e7a envolvidos. Esta pr\u00e1tica nos permite proteger ainda mais os interesses dos clientes, evitando roubo de identidade e invas\u00e3o de contas.<\/p>\n<p><strong>Garantia de Cart\u00e3o de Cr\u00e9dito<\/strong><\/p>\n<p>Todos os dados pessoais relacionados \u00e0s informa\u00e7\u00f5es do cart\u00e3o de cr\u00e9dito s\u00e3o transcritos por meio de software de criptografia de alta tecnologia, que \u00e9 ent\u00e3o filtrado por um servidor seguro.\u00a0Nosso sistema inform\u00e1tico em sua totalidade (servidor, redes, etc.) \u00e9 protegido por potentes firewalls para evitar invas\u00f5es de hackers ou outras formas de viola\u00e7\u00e3o de seguran\u00e7a da informa\u00e7\u00e3o. Nosso objetivo na Bonita Tour \u00e9 garantir a seguran\u00e7a e a tranquilidade com que um cliente pode usar seu cart\u00e3o de cr\u00e9dito conosco.<\/p>\n<p>N\u00e3o temos controle sobre os detalhes do cart\u00e3o ou os recursos e n\u00e3o aceitamos responsabilidade por eles ou por qualquer perda ou dano que possa surgir do seu uso.<\/p>\n<p>Os dados do seu cart\u00e3o de cr\u00e9dito ser\u00e3o mantidos na\u00a0Bonita Tour at\u00e9 a data da sua partida e completamente destru\u00eddos ap\u00f3s isso. Todos os direitos autorais s\u00e3o reservados por\u00a0Bonita Tour, registrada sob ( BONITA\u00a0 TOUR \/ BONITA TOUR SEYAHAT HIZMETLERI TIC. LTD. STI. ). Todos os servi\u00e7os est\u00e3o sujeitos \u00e0s regulamenta\u00e7\u00f5es da lei turca.[\/vc_column_text][\/vc_column][\/vc_row]\n","protected":false},"excerpt":{"rendered":"<p>[vc_row][vc_column][vc_empty_space][vc_column_text]A miss\u00e3o da\u00a0Bonita Tour\u00a0\u00e9 fornecer a mais alta qualidade na pol\u00edtica de privacidade que oferecemos. Por exemplo, as informa\u00e7\u00f5es pessoais dos clientes nunca s\u00e3o divulgadas a terceiros, nem por escrito, nem verbalmente. Sua privacidade \u00e9 nossa principal preocupa\u00e7\u00e3o na Bonita Tour. Nossa \u00e9tica de trabalho gira em torno da confidencialidade de nossos clientes, por isso&hellip;<\/p>\n","protected":false},"author":1,"featured_media":0,"parent":0,"menu_order":0,"comment_status":"closed","ping_status":"closed","template":"templates\/no-sidebar.php","meta":{"_acf_changed":false,"footnotes":""},"class_list":["post-2120","page","type-page","status-publish","hentry","entry","no-media"],"acf":[],"_links":{"self":[{"href":"https:\/\/bonitatour.com\/pt\/wp-json\/wp\/v2\/pages\/2120"}],"collection":[{"href":"https:\/\/bonitatour.com\/pt\/wp-json\/wp\/v2\/pages"}],"about":[{"href":"https:\/\/bonitatour.com\/pt\/wp-json\/wp\/v2\/types\/page"}],"author":[{"embeddable":true,"href":"https:\/\/bonitatour.com\/pt\/wp-json\/wp\/v2\/users\/1"}],"replies":[{"embeddable":true,"href":"https:\/\/bonitatour.com\/pt\/wp-json\/wp\/v2\/comments?post=2120"}],"version-history":[{"count":0,"href":"https:\/\/bonitatour.com\/pt\/wp-json\/wp\/v2\/pages\/2120\/revisions"}],"wp:attachment":[{"href":"https:\/\/bonitatour.com\/pt\/wp-json\/wp\/v2\/media?parent=2120"}],"curies":[{"name":"wp","href":"https:\/\/api.w.org\/{rel}","templated":true}]}}