
{"id":2185,"date":"2023-07-20T15:07:27","date_gmt":"2023-07-20T15:07:27","guid":{"rendered":"https:\/\/bonitatour.com\/?page_id=2185"},"modified":"2024-09-15T13:22:09","modified_gmt":"2024-09-15T13:22:09","slug":"sobre-nos","status":"publish","type":"page","link":"https:\/\/bonitatour.com\/pt\/sobre-nos\/","title":{"rendered":"Sobre N\u00f3s"},"content":{"rendered":"<p>Saiba mais <strong>sobre n\u00f3s<\/strong>, <strong>Bonita Tour Travel Agency<\/strong>, sua ag\u00eancia de viagens confi\u00e1vel.<\/p>\n<p><strong>Bonita Tour<\/strong> &amp; <strong>Bonita Viajes<\/strong> \u00e9 uma ag\u00eancia de viagens fundada em 2010 na <strong>Turquia<\/strong> por uma equipe de especialistas locais em turismo: <em><strong>Sr. FATIH, Sr. MEHMET, Sra. HATICE.<\/strong><\/em> Ao longo dos anos, expandimos nossas opera\u00e7\u00f5es e tours al\u00e9m das nossas fronteiras. Agora, em 2023, <strong>Bonita Tour Travel Agency<\/strong> oferece tours na Turquia, Gr\u00e9cia, It\u00e1lia, Israel, Egito, Espanha, Jord\u00e2nia, Ge\u00f3rgia, Arm\u00eania, Dubai, Maldivas, Cro\u00e1cia e Pa\u00edses Balc\u00e3s (S\u00e9rvia, Alb\u00e2nia, B\u00f3snia e Herzegovina, Kosovo, Montenegro e Maced\u00f4nia).<\/p>\n<p>Pacotes tur\u00edsticos nos pa\u00edses mencionados com guias locais, todos especialistas em suas \u00e1reas, s\u00e3o oferecidos aos nossos h\u00f3spedes. Voc\u00ea pode conferir nossas op\u00e7\u00f5es de tour no seguinte link aqui. Voc\u00ea pode verificar as op\u00e7\u00f5es de tour ou entrar em contato diretamente com nossa equipe para criar um pacote tur\u00edstico personalizado para sua fam\u00edlia.<\/p>\n<p>Os membros da equipe da <strong>Bonita Tour Travel Agency<\/strong> falam ingl\u00eas, espanhol, portugu\u00eas, italiano e turco. No processo de reserva do seu tour, nossa equipe pode te ajudar profissionalmente nesses idiomas. A maioria dos nossos guias tur\u00edsticos especialistas fala ingl\u00eas, espanhol, portugu\u00eas, italiano, franc\u00eas, alem\u00e3o, russo, grego e turco.<\/p>\n<p>Os tours ao redor do <strong>Mar Mediterr\u00e2neo<\/strong>, Mar Egeu, C\u00edclades, C\u00e1ucaso, Territ\u00f3rio dos Balc\u00e3s e <strong>Oriente M\u00e9dio<\/strong> tamb\u00e9m est\u00e3o dispon\u00edveis de forma privada. Tours em grupo compartilhado, <strong>tours privados<\/strong>, tours semiprivados e tours acompanhados est\u00e3o dispon\u00edveis nos limites desses pa\u00edses. Tamb\u00e9m podemos combinar alguns desses pa\u00edses no mesmo pacote.<\/p>\n<h3>Tipos de Tours da Bonita Viajes<\/h3>\n<p>Na Bonita Tour, oferecemos Tours de Um S\u00f3 Pa\u00eds, Tours Multipa\u00eds e <strong>Tours Di\u00e1rios pela Cidade<\/strong> nos pa\u00edses mencionados. Podemos list\u00e1-los como: Turquia, Gr\u00e9cia, It\u00e1lia, Israel, Egito, Espanha, Jord\u00e2nia, Ge\u00f3rgia, Arm\u00eania, Dubai, Maldivas, Cro\u00e1cia e Pa\u00edses Balc\u00e3s (S\u00e9rvia, Alb\u00e2nia, B\u00f3snia e Herzegovina, Kosovo, Montenegro, Maced\u00f4nia).<br \/>\nMeio Dia de Tours pela Cidade, Tours Di\u00e1rios pela Cidade, <strong>Tours de Excurs\u00e3o em Terra<\/strong>, Tours de Escala, Tours Gastron\u00f4micos &#8211; Experi\u00eancias Culin\u00e1rias, Tours de Degusta\u00e7\u00e3o de Vinhos, Tours de Arte, Tours de Curtas Viagens pela Cidade, Tours Arqueol\u00f3gicos, Tours Culturais, <strong>Tours Hist\u00f3ricos<\/strong>, Tours Arquitet\u00f4nicos, Tours por Ruas Alternativas, <strong>Tours para Fam\u00edlias<\/strong>, Tours para Crian\u00e7as, Tours para Viajantes Solit\u00e1rios, Tours para a Comunidade LGBT. Experi\u00eancias Arco-\u00cdris, Eco Tours, Tours da UNESCO, Tours de Natureza, <strong>Pacotes de Lua de Mel<\/strong>, Tours de Ano Novo, Tours de P\u00e1scoa, Tours de Hanukkah, <strong>Tours B\u00edblicos<\/strong>, Tours Judaicos, Tours Isl\u00e2micos e Atividades Locais &amp; Atra\u00e7\u00f5es. Esses s\u00e3o alguns dos conceitos que podemos categorizar nossos tours e viagens sob o guarda-chuva da Bonita Travel Agency.<\/p>\n<p>Como membro da <a href=\"https:\/\/www.tursab.org.tr\/\" target=\"_blank\" rel=\"noopener\"><strong>TURSAB<\/strong><\/a> (Associa\u00e7\u00e3o das Ag\u00eancias de Viagens da Turquia), <strong>Bonita Travel Agency<\/strong> tem licen\u00e7a para oferecer tours e outros servi\u00e7os em todo o pa\u00eds. Com a licen\u00e7a da <a href=\"https:\/\/hatta.gr\/\" target=\"_blank\" rel=\"noopener\"><strong>HATTA<\/strong><\/a> (Associa\u00e7\u00e3o das Ag\u00eancias de Viagens da Gr\u00e9cia), podemos fornecer servi\u00e7os na Europa. Junto com parcerias s\u00f3lidas com nossas cooperativas locais em cada pa\u00eds, ficaremos felizes em oferecer servi\u00e7os \u00e0 sua fam\u00edlia.<\/p>\n<p>Para entrar em contato com a equipe da Bonita Tour, voc\u00ea pode usar os e-mails <a href=\"mailto:info@tourbonita.com\" target=\"_blank\" rel=\"noopener\"><strong>info@bonitatour.com<\/strong><\/a> ou <a href=\"mailto:bonitatourturkey@gmail.com\" target=\"_blank\" rel=\"noopener\"><strong>bonitatourturkey@gmail.com<\/strong><\/a>, usar <strong>WhatsApp<\/strong> em\u00a0<strong>+905054542137<\/strong> ou<strong>+90507 712 6865<\/strong>, chamada direta dispon\u00edvel nos n\u00fameros mencionados e tamb\u00e9m voc\u00ea pode nos contatar nessas plataformas de m\u00eddia social da <strong>Bonita Viajes<\/strong>.<\/p>\n<h4>Bonita Tour &amp; Trip Advisor<\/h4>\n<p>Recomendado e confi\u00e1vel no <strong>TripAdvisor<\/strong>, ent\u00e3o voc\u00ea pode seguir o link e conferir as avalia\u00e7\u00f5es da <strong>Bonita Tour Travel Agency<\/strong> na p\u00e1gina do TripAdvisor. Verifique os depoimentos, avalia\u00e7\u00f5es e coment\u00e1rios de nossos h\u00f3spedes anteriores aqui para saber mais <strong>sobre n\u00f3s<\/strong>. Voc\u00ea tamb\u00e9m pode ver nossos produtos na Viator, Get Your Guide, TourRadar, Tours by Locals, Klook, Momondo, Mochileros, Lonely Planet e muitas outras plataformas de vendas online.<br \/>\nComo uma das ag\u00eancias de viagens mais confi\u00e1veis do setor, <strong>Bonita Tour Travel Agency<\/strong> oferece m\u00e9todo de Pagamento Seguro para nossos h\u00f3spedes. Voc\u00ea pode realizar o pagamento online com Master Card e Visa diretamente em nosso site como valor de dep\u00f3sito. O pagamento do saldo pode ser feito em dinheiro no dia do tour para nossa equipe que te receber\u00e1 ou por pagamento online tamb\u00e9m. Para mais detalhes <strong>sobre n\u00f3s<\/strong>, fique \u00e0 vontade para nos contatar.<\/p>\n<p>Teremos o prazer de t\u00ea-lo como nosso h\u00f3spede.<\/p>\n","protected":false},"excerpt":{"rendered":"<p>Saiba mais sobre n\u00f3s, Bonita Tour Travel Agency, sua ag\u00eancia de viagens confi\u00e1vel. Bonita Tour &amp; Bonita Viajes \u00e9 uma ag\u00eancia de viagens fundada em 2010 na Turquia por uma equipe de especialistas locais em turismo: Sr. FATIH, Sr. MEHMET, Sra. HATICE. Ao longo dos anos, expandimos nossas opera\u00e7\u00f5es e tours al\u00e9m das nossas fronteiras.&hellip;<\/p>\n","protected":false},"author":1,"featured_media":0,"parent":0,"menu_order":0,"comment_status":"closed","ping_status":"closed","template":"templates\/no-sidebar.php","meta":{"_acf_changed":false,"footnotes":""},"class_list":["post-2185","page","type-page","status-publish","hentry","entry","no-media"],"acf":[],"_links":{"self":[{"href":"https:\/\/bonitatour.com\/pt\/wp-json\/wp\/v2\/pages\/2185"}],"collection":[{"href":"https:\/\/bonitatour.com\/pt\/wp-json\/wp\/v2\/pages"}],"about":[{"href":"https:\/\/bonitatour.com\/pt\/wp-json\/wp\/v2\/types\/page"}],"author":[{"embeddable":true,"href":"https:\/\/bonitatour.com\/pt\/wp-json\/wp\/v2\/users\/1"}],"replies":[{"embeddable":true,"href":"https:\/\/bonitatour.com\/pt\/wp-json\/wp\/v2\/comments?post=2185"}],"version-history":[{"count":0,"href":"https:\/\/bonitatour.com\/pt\/wp-json\/wp\/v2\/pages\/2185\/revisions"}],"wp:attachment":[{"href":"https:\/\/bonitatour.com\/pt\/wp-json\/wp\/v2\/media?parent=2185"}],"curies":[{"name":"wp","href":"https:\/\/api.w.org\/{rel}","templated":true}]}}